{"id":1006594,"date":"2024-05-07T07:25:10","date_gmt":"2024-05-07T07:25:10","guid":{"rendered":"https:\/\/redorangetechnologies.com\/equipa\/prabhjot-singh\/"},"modified":"2024-05-07T08:43:29","modified_gmt":"2024-05-07T08:43:29","slug":"prabhjot-singh","status":"publish","type":"page","link":"https:\/\/dev1.redorangetechnologies.com\/pt\/equipa\/prabhjot-singh\/","title":{"rendered":"Prabhjot Singh"},"content":{"rendered":"\t\t<div data-elementor-type=\"wp-page\" data-elementor-id=\"1006594\" class=\"elementor elementor-1006594 elementor-1006513\" data-elementor-post-type=\"page\">\n\t\t\t\t\t\t<section class=\"elementor-section elementor-top-section elementor-element elementor-element-76a11dc6 elementor-section-full_width elementor-section-height-default elementor-section-height-default\" data-id=\"76a11dc6\" data-element_type=\"section\">\n\t\t\t\t\t\t<div class=\"elementor-container elementor-column-gap-no\">\n\t\t\t\t\t<div class=\"elementor-column elementor-col-100 elementor-top-column elementor-element elementor-element-4f6e3543\" data-id=\"4f6e3543\" data-element_type=\"column\">\n\t\t\t<div class=\"elementor-widget-wrap elementor-element-populated\">\n\t\t\t\t\t\t<div class=\"vamtam-has-theme-widget-styles elementor-element elementor-element-72cf44ec elementor-widget elementor-widget-text-editor\" data-id=\"72cf44ec\" data-element_type=\"widget\" data-widget_type=\"text-editor.default\">\n\t\t\t\t<div class=\"elementor-widget-container\">\n\t\t\t\t\t\t\t<p><span class=\"ui-provider ed bke bkf bkg bkh bki bkj bkk bkl bkm bkn bko bkp bkq bkr bks bkt bku bkv bkw bkx bky bkz bla blb blc bld ble blf blg blh bli blj blk bll\" dir=\"ltr\">Mr. Prabhjot Singh is our very skilled Technical Project Manager. He has more than 12 years of experience in .Net technologies with Database Development (SQL), and expertise in development, maintenance, security, establishing backup and recovery processes and protocols. He is proficient in Asp.net, SQL Server, Asp.net Core, JQuery, Javascript, Node.js, MongoDB.Como resultado, ele lidou com v\u00e1rios projetos em tecnologias .Net usando C#, MVC, Entities Framework, .Net Core com angular, Node.js com SQL e Mongo. Ele desenvolveu 15+ aplicativos m\u00f3veis com a equipe de UI. O que o faz destacar-se s\u00e3o as suas capacidades de comunica\u00e7\u00e3o com os clientes aliadas \u00e0 sua forma de retratar o trabalho. <\/span><\/p>\n\t\t\t\t\t\t<\/div>\n\t\t\t\t<\/div>\n\t\t\t\t<div class=\"elementor-element elementor-element-18ed77ab elementor-shape-circle elementor-grid-2 e-grid-align-left e-grid-align-mobile-left elementor-widget__width-auto elementor-widget elementor-widget-social-icons\" data-id=\"18ed77ab\" data-element_type=\"widget\" data-widget_type=\"social-icons.default\">\n\t\t\t\t<div class=\"elementor-widget-container\">\n\t\t\t\t\t<div class=\"elementor-social-icons-wrapper elementor-grid\">\n\t\t\t\t\t\t\t<span class=\"elementor-grid-item\">\n\t\t\t\t\t<a class=\"elementor-icon elementor-social-icon elementor-social-icon-linkedin elementor-repeater-item-c7c5b59\" href=\"http:\/\/www.linkedin.com\/in\/prabhjot-singh-khalsa-1788bb65\" target=\"_blank\" rel=\"noopener\">\n\t\t\t\t\t\t<span class=\"elementor-screen-only\">Linkedin<\/span>\n\t\t\t\t\t\t<i class=\"fab fa-linkedin\"><\/i>\t\t\t\t\t<\/a>\n\t\t\t\t<\/span>\n\t\t\t\t\t<\/div>\n\t\t\t\t<\/div>\n\t\t\t\t<\/div>\n\t\t\t\t<div class=\"vamtam-has-theme-widget-styles elementor-element elementor-element-1db9d614 vamtam-has-underline-anim elementor-widget__width-auto elementor-widget elementor-widget-button\" data-id=\"1db9d614\" data-element_type=\"widget\" data-widget_type=\"button.default\">\n\t\t\t\t<div class=\"elementor-widget-container\">\n\t\t\t\t\t<div class=\"elementor-button-wrapper\">\n\t\t\t<a class=\"elementor-button elementor-button-link elementor-size-sm\" href=\"https:\/\/dev1.redorangetechnologies.com\/pt\/equipa\/\">\n\t\t\t\t\t\t<span class=\"elementor-button-content-wrapper\">\n\t\t\t\t\t\t\t\t\t<span class=\"elementor-button-text\">Voltar para Membros da equipe<\/span>\n\t\t\t\t\t<\/span>\n\t\t\t\t\t<\/a>\n\t\t<\/div>\n\t\t\t\t<\/div>\n\t\t\t\t<\/div>\n\t\t\t\t\t<\/div>\n\t\t<\/div>\n\t\t\t\t\t<\/div>\n\t\t<\/section>\n\t\t\t\t<\/div>\n\t\t","protected":false},"excerpt":{"rendered":"<p>Gerente T\u00e9cnico de Projetos<\/p>\n","protected":false},"author":1,"featured_media":1006517,"parent":1005165,"menu_order":0,"comment_status":"closed","ping_status":"closed","template":"","meta":{"footnotes":""},"class_list":["post-1006594","page","type-page","status-publish","has-post-thumbnail","hentry"],"_links":{"self":[{"href":"https:\/\/dev1.redorangetechnologies.com\/pt\/wp-json\/wp\/v2\/pages\/1006594","targetHints":{"allow":["GET"]}}],"collection":[{"href":"https:\/\/dev1.redorangetechnologies.com\/pt\/wp-json\/wp\/v2\/pages"}],"about":[{"href":"https:\/\/dev1.redorangetechnologies.com\/pt\/wp-json\/wp\/v2\/types\/page"}],"author":[{"embeddable":true,"href":"https:\/\/dev1.redorangetechnologies.com\/pt\/wp-json\/wp\/v2\/users\/1"}],"replies":[{"embeddable":true,"href":"https:\/\/dev1.redorangetechnologies.com\/pt\/wp-json\/wp\/v2\/comments?post=1006594"}],"version-history":[{"count":1,"href":"https:\/\/dev1.redorangetechnologies.com\/pt\/wp-json\/wp\/v2\/pages\/1006594\/revisions"}],"predecessor-version":[{"id":1006595,"href":"https:\/\/dev1.redorangetechnologies.com\/pt\/wp-json\/wp\/v2\/pages\/1006594\/revisions\/1006595"}],"up":[{"embeddable":true,"href":"https:\/\/dev1.redorangetechnologies.com\/pt\/wp-json\/wp\/v2\/pages\/1005165"}],"wp:featuredmedia":[{"embeddable":true,"href":"https:\/\/dev1.redorangetechnologies.com\/pt\/wp-json\/wp\/v2\/media\/1006517"}],"wp:attachment":[{"href":"https:\/\/dev1.redorangetechnologies.com\/pt\/wp-json\/wp\/v2\/media?parent=1006594"}],"curies":[{"name":"wp","href":"https:\/\/api.w.org\/{rel}","templated":true}]}}