{"id":1005204,"date":"2023-09-27T13:26:23","date_gmt":"2023-09-27T13:26:23","guid":{"rendered":"https:\/\/redorangetechnologies.com\/equipa\/pranshu-pathak\/"},"modified":"2024-04-08T15:01:35","modified_gmt":"2024-04-08T15:01:35","slug":"pranshu-pathak","status":"publish","type":"page","link":"https:\/\/dev1.redorangetechnologies.com\/pt\/equipa\/pranshu-pathak\/","title":{"rendered":"Pranshu Pathak"},"content":{"rendered":"\t\t<div data-elementor-type=\"wp-page\" data-elementor-id=\"1005204\" class=\"elementor elementor-1005204 elementor-989541\" data-elementor-post-type=\"page\">\n\t\t\t\t\t\t<section class=\"elementor-section elementor-top-section elementor-element elementor-element-76a11dc6 elementor-section-full_width elementor-section-height-default elementor-section-height-default\" data-id=\"76a11dc6\" data-element_type=\"section\">\n\t\t\t\t\t\t<div class=\"elementor-container elementor-column-gap-no\">\n\t\t\t\t\t<div class=\"elementor-column elementor-col-100 elementor-top-column elementor-element elementor-element-4f6e3543\" data-id=\"4f6e3543\" data-element_type=\"column\">\n\t\t\t<div class=\"elementor-widget-wrap elementor-element-populated\">\n\t\t\t\t\t\t<div class=\"vamtam-has-theme-widget-styles elementor-element elementor-element-72cf44ec elementor-widget elementor-widget-text-editor\" data-id=\"72cf44ec\" data-element_type=\"widget\" data-widget_type=\"text-editor.default\">\n\t\t\t\t<div class=\"elementor-widget-container\">\n\t\t\t\t\t\t\t<p>Pranshu \u00e9 a nossa directora de RH. Ocupa-se do recrutamento e de quest\u00f5es relacionadas com os RH. Pranshu trabalha ativamente para desenvolver a cultura da empresa e concentrar-se nas pessoas da nossa organiza\u00e7\u00e3o.<\/p>\n<p><strong>Compet\u00eancias e conhecimentos especializados essenciais:<\/strong><\/p>\n<p><strong>Planeamento estrat\u00e9gico de RH:<\/strong> Proficiente no alinhamento das estrat\u00e9gias de RH com os objectivos organizacionais, tirando partido de informa\u00e7\u00f5es baseadas em dados para conceber e implementar planos de RH eficazes que impulsionem o crescimento da empresa.<\/p>\n<p><strong style=\"letter-spacing: 0px; word-spacing: 0em; color: var( --e-global-color-vamtam_accent_8 );\">Rela\u00e7\u00f5es com os empregados:<\/strong> <span style=\"letter-spacing: 0px; word-spacing: 0em; color: var( --e-global-color-vamtam_accent_8 );\">Compet\u00eancias na gest\u00e3o das rela\u00e7\u00f5es com os empregados, resolu\u00e7\u00e3o de conflitos e promo\u00e7\u00e3o de um ambiente de trabalho positivo para melhorar a moral dos empregados, a produtividade e a harmonia organizacional geral.<\/span><\/p>\n<p><strong>Aquisi\u00e7\u00e3o de talentos e integra\u00e7\u00e3o:<\/strong> Proficiente em processos de procura, entrevista e sele\u00e7\u00e3o de talentos, garantindo uma experi\u00eancia de integra\u00e7\u00e3o perfeita que prepara o terreno para o sucesso e a integra\u00e7\u00e3o dos colaboradores.<\/p>\n<p><strong>Gest\u00e3o do desempenho:<\/strong> Experi\u00eancia na implementa\u00e7\u00e3o de sistemas de avalia\u00e7\u00e3o de desempenho, no fornecimento de feedback construtivo e na cria\u00e7\u00e3o de planos de desenvolvimento para melhorar o desempenho dos funcion\u00e1rios e impulsionar os objectivos organizacionais.<\/p>\n<p><strong>Desenvolvimento e forma\u00e7\u00e3o de funcion\u00e1rios:<\/strong> Apto a identificar as necessidades de desenvolvimento, a conceber programas de forma\u00e7\u00e3o e a implementar iniciativas de aprendizagem que permitam aos colaboradores destacarem-se nas suas fun\u00e7\u00f5es e contribu\u00edrem eficazmente para a organiza\u00e7\u00e3o.<\/p>\n<p><strong>Gest\u00e3o de mudan\u00e7as:<\/strong> Compet\u00eancias na gest\u00e3o da mudan\u00e7a organizacional, orientando as equipas durante as transi\u00e7\u00f5es e facilitando processos de mudan\u00e7a suaves para minimizar as perturba\u00e7\u00f5es e maximizar a aceita\u00e7\u00e3o.<\/p>\n<p><strong>Comunica\u00e7\u00e3o eficaz:<\/strong> Fortes capacidades de comunica\u00e7\u00e3o, tanto escrita como verbal, facilitando canais de comunica\u00e7\u00e3o transparentes e abertos em todos os n\u00edveis organizacionais, promovendo a colabora\u00e7\u00e3o e o alinhamento.<\/p>\n\t\t\t\t\t\t<\/div>\n\t\t\t\t<\/div>\n\t\t\t\t<div class=\"elementor-element elementor-element-18ed77ab elementor-shape-circle elementor-grid-2 e-grid-align-left e-grid-align-mobile-left elementor-widget__width-auto elementor-widget elementor-widget-social-icons\" data-id=\"18ed77ab\" data-element_type=\"widget\" data-widget_type=\"social-icons.default\">\n\t\t\t\t<div class=\"elementor-widget-container\">\n\t\t\t\t\t<div class=\"elementor-social-icons-wrapper elementor-grid\">\n\t\t\t\t\t\t\t<span class=\"elementor-grid-item\">\n\t\t\t\t\t<a class=\"elementor-icon elementor-social-icon elementor-social-icon-linkedin elementor-repeater-item-c7c5b59\" href=\"http:\/\/linkedin.com\" target=\"_blank\" rel=\"noopener\">\n\t\t\t\t\t\t<span class=\"elementor-screen-only\">Linkedin<\/span>\n\t\t\t\t\t\t<i class=\"fab fa-linkedin\"><\/i>\t\t\t\t\t<\/a>\n\t\t\t\t<\/span>\n\t\t\t\t\t<\/div>\n\t\t\t\t<\/div>\n\t\t\t\t<\/div>\n\t\t\t\t<div class=\"vamtam-has-theme-widget-styles elementor-element elementor-element-1db9d614 vamtam-has-underline-anim elementor-widget__width-auto elementor-widget elementor-widget-button\" data-id=\"1db9d614\" data-element_type=\"widget\" data-widget_type=\"button.default\">\n\t\t\t\t<div class=\"elementor-widget-container\">\n\t\t\t\t\t<div class=\"elementor-button-wrapper\">\n\t\t\t<a class=\"elementor-button elementor-button-link elementor-size-sm\" href=\"https:\/\/dev1.redorangetechnologies.com\/pt\/equipa\/\">\n\t\t\t\t\t\t<span class=\"elementor-button-content-wrapper\">\n\t\t\t\t\t\t\t\t\t<span class=\"elementor-button-text\">Voltar para Membros da equipe<\/span>\n\t\t\t\t\t<\/span>\n\t\t\t\t\t<\/a>\n\t\t<\/div>\n\t\t\t\t<\/div>\n\t\t\t\t<\/div>\n\t\t\t\t\t<\/div>\n\t\t<\/div>\n\t\t\t\t\t<\/div>\n\t\t<\/section>\n\t\t\t\t<\/div>\n\t\t","protected":false},"excerpt":{"rendered":"<p>RH<\/p>\n","protected":false},"author":1,"featured_media":1006265,"parent":1005165,"menu_order":0,"comment_status":"closed","ping_status":"closed","template":"","meta":{"footnotes":""},"class_list":["post-1005204","page","type-page","status-publish","has-post-thumbnail","hentry"],"_links":{"self":[{"href":"https:\/\/dev1.redorangetechnologies.com\/pt\/wp-json\/wp\/v2\/pages\/1005204","targetHints":{"allow":["GET"]}}],"collection":[{"href":"https:\/\/dev1.redorangetechnologies.com\/pt\/wp-json\/wp\/v2\/pages"}],"about":[{"href":"https:\/\/dev1.redorangetechnologies.com\/pt\/wp-json\/wp\/v2\/types\/page"}],"author":[{"embeddable":true,"href":"https:\/\/dev1.redorangetechnologies.com\/pt\/wp-json\/wp\/v2\/users\/1"}],"replies":[{"embeddable":true,"href":"https:\/\/dev1.redorangetechnologies.com\/pt\/wp-json\/wp\/v2\/comments?post=1005204"}],"version-history":[{"count":10,"href":"https:\/\/dev1.redorangetechnologies.com\/pt\/wp-json\/wp\/v2\/pages\/1005204\/revisions"}],"predecessor-version":[{"id":1006142,"href":"https:\/\/dev1.redorangetechnologies.com\/pt\/wp-json\/wp\/v2\/pages\/1005204\/revisions\/1006142"}],"up":[{"embeddable":true,"href":"https:\/\/dev1.redorangetechnologies.com\/pt\/wp-json\/wp\/v2\/pages\/1005165"}],"wp:featuredmedia":[{"embeddable":true,"href":"https:\/\/dev1.redorangetechnologies.com\/pt\/wp-json\/wp\/v2\/media\/1006265"}],"wp:attachment":[{"href":"https:\/\/dev1.redorangetechnologies.com\/pt\/wp-json\/wp\/v2\/media?parent=1005204"}],"curies":[{"name":"wp","href":"https:\/\/api.w.org\/{rel}","templated":true}]}}