{"id":1005192,"date":"2023-03-25T12:04:53","date_gmt":"2023-03-25T12:04:53","guid":{"rendered":"https:\/\/redorangetechnologies.com\/equipa\/henning-borve-figenschou\/"},"modified":"2024-04-08T14:56:04","modified_gmt":"2024-04-08T14:56:04","slug":"henning-borve-figenschou","status":"publish","type":"page","link":"https:\/\/dev1.redorangetechnologies.com\/pt\/equipa\/henning-borve-figenschou\/","title":{"rendered":"Henning B\u00f8rve Figenschou"},"content":{"rendered":"\t\t<div data-elementor-type=\"wp-page\" data-elementor-id=\"1005192\" class=\"elementor elementor-1005192 elementor-3561\" data-elementor-post-type=\"page\">\n\t\t\t\t\t\t<section class=\"elementor-section elementor-top-section elementor-element elementor-element-98228ee elementor-section-full_width elementor-section-height-default elementor-section-height-default\" data-id=\"98228ee\" data-element_type=\"section\">\n\t\t\t\t\t\t<div class=\"elementor-container elementor-column-gap-no\">\n\t\t\t\t\t<div class=\"elementor-column elementor-col-100 elementor-top-column elementor-element elementor-element-6e3447e\" data-id=\"6e3447e\" data-element_type=\"column\">\n\t\t\t<div class=\"elementor-widget-wrap elementor-element-populated\">\n\t\t\t\t\t\t<div class=\"vamtam-has-theme-widget-styles elementor-element elementor-element-5fe169f elementor-widget elementor-widget-text-editor\" data-id=\"5fe169f\" data-element_type=\"widget\" data-widget_type=\"text-editor.default\">\n\t\t\t\t<div class=\"elementor-widget-container\">\n\t\t\t\t\t\t\t<p>Henning B. Figenschou \u00e9 o nosso CEO europeu, respons\u00e1vel pelas vendas, marketing, organiza\u00e7\u00e3o e desenvolvimento do grupo. Juntamente com a sua equipa de vendas, poderemos ajudar as empresas norueguesas e europeias com os seus desafios e quest\u00f5es no \u00e2mbito das TI.<\/p>\n<p>Henning tem mais de 20 anos de experi\u00eancia no sector do retalho, tanto na vertente operacional, como na categoria, no mercado e no desenvolvimento de estrat\u00e9gias. Trabalhou para e com algumas das maiores cadeias de retalho da Noruega. Nos \u00faltimos anos, geriu uma grande empresa de comunica\u00e7\u00e3o norueguesa nas \u00e1reas de rela\u00e7\u00f5es p\u00fablicas, publicidade e produ\u00e7\u00e3o.<\/p>\n\t\t\t\t\t\t<\/div>\n\t\t\t\t<\/div>\n\t\t\t\t<div class=\"vamtam-has-theme-widget-styles elementor-element elementor-element-1619fcb elementor-widget elementor-widget-text-editor\" data-id=\"1619fcb\" data-element_type=\"widget\" data-widget_type=\"text-editor.default\">\n\t\t\t\t<div class=\"elementor-widget-container\">\n\t\t\t\t\t\t\t<p>\u201cO sucesso como CEO requer proximidade tanto com a sua organiza\u00e7\u00e3o como com os seus clientes \u2013 \u00e9 na rela\u00e7\u00e3o entre a gest\u00e3o, os funcion\u00e1rios e os clientes que o verdadeiro crescimento e inova\u00e7\u00e3o s\u00e3o criados.\u201d<\/p>\n\t\t\t\t\t\t<\/div>\n\t\t\t\t<\/div>\n\t\t\t\t<div class=\"elementor-element elementor-element-209497a elementor-shape-circle elementor-grid-2 e-grid-align-left e-grid-align-mobile-left elementor-widget__width-auto elementor-widget elementor-widget-social-icons\" data-id=\"209497a\" data-element_type=\"widget\" data-widget_type=\"social-icons.default\">\n\t\t\t\t<div class=\"elementor-widget-container\">\n\t\t\t\t\t<div class=\"elementor-social-icons-wrapper elementor-grid\">\n\t\t\t\t\t\t\t<span class=\"elementor-grid-item\">\n\t\t\t\t\t<a class=\"elementor-icon elementor-social-icon elementor-social-icon-linkedin elementor-repeater-item-c7c5b59\" href=\"http:\/\/linkedin.com\" target=\"_blank\" rel=\"noopener\">\n\t\t\t\t\t\t<span class=\"elementor-screen-only\">Linkedin<\/span>\n\t\t\t\t\t\t<i class=\"fab fa-linkedin\"><\/i>\t\t\t\t\t<\/a>\n\t\t\t\t<\/span>\n\t\t\t\t\t<\/div>\n\t\t\t\t<\/div>\n\t\t\t\t<\/div>\n\t\t\t\t<div class=\"vamtam-has-theme-widget-styles elementor-element elementor-element-45531a4 vamtam-has-underline-anim elementor-widget__width-auto elementor-widget elementor-widget-button\" data-id=\"45531a4\" data-element_type=\"widget\" data-widget_type=\"button.default\">\n\t\t\t\t<div class=\"elementor-widget-container\">\n\t\t\t\t\t<div class=\"elementor-button-wrapper\">\n\t\t\t<a class=\"elementor-button elementor-button-link elementor-size-sm\" href=\"https:\/\/dev1.redorangetechnologies.com\/pt\/equipa\/\">\n\t\t\t\t\t\t<span class=\"elementor-button-content-wrapper\">\n\t\t\t\t\t\t\t\t\t<span class=\"elementor-button-text\">Voltar para Membros da equipe<\/span>\n\t\t\t\t\t<\/span>\n\t\t\t\t\t<\/a>\n\t\t<\/div>\n\t\t\t\t<\/div>\n\t\t\t\t<\/div>\n\t\t\t\t\t<\/div>\n\t\t<\/div>\n\t\t\t\t\t<\/div>\n\t\t<\/section>\n\t\t\t\t<\/div>\n\t\t","protected":false},"excerpt":{"rendered":"<p>Diretor Executivo, Europa<\/p>\n","protected":false},"author":1,"featured_media":1006054,"parent":1005165,"menu_order":0,"comment_status":"closed","ping_status":"closed","template":"","meta":{"footnotes":""},"class_list":["post-1005192","page","type-page","status-publish","has-post-thumbnail","hentry"],"_links":{"self":[{"href":"https:\/\/dev1.redorangetechnologies.com\/pt\/wp-json\/wp\/v2\/pages\/1005192","targetHints":{"allow":["GET"]}}],"collection":[{"href":"https:\/\/dev1.redorangetechnologies.com\/pt\/wp-json\/wp\/v2\/pages"}],"about":[{"href":"https:\/\/dev1.redorangetechnologies.com\/pt\/wp-json\/wp\/v2\/types\/page"}],"author":[{"embeddable":true,"href":"https:\/\/dev1.redorangetechnologies.com\/pt\/wp-json\/wp\/v2\/users\/1"}],"replies":[{"embeddable":true,"href":"https:\/\/dev1.redorangetechnologies.com\/pt\/wp-json\/wp\/v2\/comments?post=1005192"}],"version-history":[{"count":4,"href":"https:\/\/dev1.redorangetechnologies.com\/pt\/wp-json\/wp\/v2\/pages\/1005192\/revisions"}],"predecessor-version":[{"id":1006118,"href":"https:\/\/dev1.redorangetechnologies.com\/pt\/wp-json\/wp\/v2\/pages\/1005192\/revisions\/1006118"}],"up":[{"embeddable":true,"href":"https:\/\/dev1.redorangetechnologies.com\/pt\/wp-json\/wp\/v2\/pages\/1005165"}],"wp:featuredmedia":[{"embeddable":true,"href":"https:\/\/dev1.redorangetechnologies.com\/pt\/wp-json\/wp\/v2\/media\/1006054"}],"wp:attachment":[{"href":"https:\/\/dev1.redorangetechnologies.com\/pt\/wp-json\/wp\/v2\/media?parent=1005192"}],"curies":[{"name":"wp","href":"https:\/\/api.w.org\/{rel}","templated":true}]}}