{"id":1005185,"date":"2023-09-27T07:43:35","date_gmt":"2023-09-27T07:43:35","guid":{"rendered":"https:\/\/redorangetechnologies.com\/equipa\/gajann-manwar\/"},"modified":"2024-04-08T15:03:49","modified_gmt":"2024-04-08T15:03:49","slug":"gajann-manwar","status":"publish","type":"page","link":"https:\/\/dev1.redorangetechnologies.com\/pt\/equipa\/gajann-manwar\/","title":{"rendered":"Gajann Manwar"},"content":{"rendered":"\t\t<div data-elementor-type=\"wp-page\" data-elementor-id=\"1005185\" class=\"elementor elementor-1005185 elementor-989373\" data-elementor-post-type=\"page\">\n\t\t\t\t\t\t<section class=\"elementor-section elementor-top-section elementor-element elementor-element-76a11dc6 elementor-section-full_width elementor-section-height-default elementor-section-height-default\" data-id=\"76a11dc6\" data-element_type=\"section\">\n\t\t\t\t\t\t<div class=\"elementor-container elementor-column-gap-no\">\n\t\t\t\t\t<div class=\"elementor-column elementor-col-100 elementor-top-column elementor-element elementor-element-4f6e3543\" data-id=\"4f6e3543\" data-element_type=\"column\">\n\t\t\t<div class=\"elementor-widget-wrap elementor-element-populated\">\n\t\t\t\t\t\t<div class=\"vamtam-has-theme-widget-styles elementor-element elementor-element-72cf44ec elementor-widget elementor-widget-text-editor\" data-id=\"72cf44ec\" data-element_type=\"widget\" data-widget_type=\"text-editor.default\">\n\t\t\t\t<div class=\"elementor-widget-container\">\n\t\t\t\t\t\t\t<p>Possuir 6 anos de experi\u00eancia no sector das TI com experi\u00eancia no desenvolvimento de WordPress \/ UI. Possuir fortes compet\u00eancias em desenvolvimento frond-end, WordPress, jQuery, JavaScript, Ajax, HTML5, CSS3, Bootstrap. Envolvimento na resolu\u00e7\u00e3o de problemas de produ\u00e7\u00e3o quando necess\u00e1rio. Intera\u00e7\u00e3o com o cliente, com base nos requisitos, boas compet\u00eancias interpessoais, empenhado, orientado para os resultados e pronto a aprender novas tecnologias com capacidades de auto-aprendizagem.<\/p>\n<p>Trabalhou em v\u00e1rias fun\u00e7\u00f5es e pap\u00e9is para gerar resultados de projectos e cumprir prazos e expectativas organizacionais. Criei e estilizei novos s\u00edtios Web compat\u00edveis com dispositivos m\u00f3veis, fazendo a transi\u00e7\u00e3o de apresenta\u00e7\u00f5es antigas para vers\u00f5es simult\u00e2neas f\u00e1ceis de utilizar.<\/p>\n\t\t\t\t\t\t<\/div>\n\t\t\t\t<\/div>\n\t\t\t\t<div class=\"elementor-element elementor-element-18ed77ab elementor-shape-circle elementor-grid-2 e-grid-align-left e-grid-align-mobile-left elementor-widget__width-auto elementor-widget elementor-widget-social-icons\" data-id=\"18ed77ab\" data-element_type=\"widget\" data-widget_type=\"social-icons.default\">\n\t\t\t\t<div class=\"elementor-widget-container\">\n\t\t\t\t\t<div class=\"elementor-social-icons-wrapper elementor-grid\">\n\t\t\t\t\t\t\t<span class=\"elementor-grid-item\">\n\t\t\t\t\t<a class=\"elementor-icon elementor-social-icon elementor-social-icon-linkedin elementor-repeater-item-c7c5b59\" href=\"\" target=\"_blank\">\n\t\t\t\t\t\t<span class=\"elementor-screen-only\">Linkedin<\/span>\n\t\t\t\t\t\t<i class=\"fab fa-linkedin\"><\/i>\t\t\t\t\t<\/a>\n\t\t\t\t<\/span>\n\t\t\t\t\t<\/div>\n\t\t\t\t<\/div>\n\t\t\t\t<\/div>\n\t\t\t\t<div class=\"vamtam-has-theme-widget-styles elementor-element elementor-element-1db9d614 vamtam-has-underline-anim elementor-widget__width-auto elementor-widget elementor-widget-button\" data-id=\"1db9d614\" data-element_type=\"widget\" data-widget_type=\"button.default\">\n\t\t\t\t<div class=\"elementor-widget-container\">\n\t\t\t\t\t<div class=\"elementor-button-wrapper\">\n\t\t\t<a class=\"elementor-button elementor-button-link elementor-size-sm\" href=\"https:\/\/dev1.redorangetechnologies.com\/pt\/equipa\/\">\n\t\t\t\t\t\t<span class=\"elementor-button-content-wrapper\">\n\t\t\t\t\t\t\t\t\t<span class=\"elementor-button-text\">Voltar para Membros da equipe<\/span>\n\t\t\t\t\t<\/span>\n\t\t\t\t\t<\/a>\n\t\t<\/div>\n\t\t\t\t<\/div>\n\t\t\t\t<\/div>\n\t\t\t\t\t<\/div>\n\t\t<\/div>\n\t\t\t\t\t<\/div>\n\t\t<\/section>\n\t\t\t\t<\/div>\n\t\t","protected":false},"excerpt":{"rendered":"<p>Sr. Desenvolvedor WordPress<\/p>\n","protected":false},"author":1,"featured_media":1006402,"parent":1005165,"menu_order":0,"comment_status":"closed","ping_status":"closed","template":"","meta":{"footnotes":""},"class_list":["post-1005185","page","type-page","status-publish","has-post-thumbnail","hentry"],"_links":{"self":[{"href":"https:\/\/dev1.redorangetechnologies.com\/pt\/wp-json\/wp\/v2\/pages\/1005185","targetHints":{"allow":["GET"]}}],"collection":[{"href":"https:\/\/dev1.redorangetechnologies.com\/pt\/wp-json\/wp\/v2\/pages"}],"about":[{"href":"https:\/\/dev1.redorangetechnologies.com\/pt\/wp-json\/wp\/v2\/types\/page"}],"author":[{"embeddable":true,"href":"https:\/\/dev1.redorangetechnologies.com\/pt\/wp-json\/wp\/v2\/users\/1"}],"replies":[{"embeddable":true,"href":"https:\/\/dev1.redorangetechnologies.com\/pt\/wp-json\/wp\/v2\/comments?post=1005185"}],"version-history":[{"count":9,"href":"https:\/\/dev1.redorangetechnologies.com\/pt\/wp-json\/wp\/v2\/pages\/1005185\/revisions"}],"predecessor-version":[{"id":1006162,"href":"https:\/\/dev1.redorangetechnologies.com\/pt\/wp-json\/wp\/v2\/pages\/1005185\/revisions\/1006162"}],"up":[{"embeddable":true,"href":"https:\/\/dev1.redorangetechnologies.com\/pt\/wp-json\/wp\/v2\/pages\/1005165"}],"wp:featuredmedia":[{"embeddable":true,"href":"https:\/\/dev1.redorangetechnologies.com\/pt\/wp-json\/wp\/v2\/media\/1006402"}],"wp:attachment":[{"href":"https:\/\/dev1.redorangetechnologies.com\/pt\/wp-json\/wp\/v2\/media?parent=1005185"}],"curies":[{"name":"wp","href":"https:\/\/api.w.org\/{rel}","templated":true}]}}