{"id":1005181,"date":"2023-09-28T05:17:11","date_gmt":"2023-09-28T05:17:11","guid":{"rendered":"https:\/\/redorangetechnologies.com\/equipa\/gagan-arora\/"},"modified":"2024-04-08T15:05:50","modified_gmt":"2024-04-08T15:05:50","slug":"gagan-arora","status":"publish","type":"page","link":"https:\/\/dev1.redorangetechnologies.com\/pt\/equipa\/gagan-arora\/","title":{"rendered":"Gagan Arora"},"content":{"rendered":"\t\t<div data-elementor-type=\"wp-page\" data-elementor-id=\"1005181\" class=\"elementor elementor-1005181 elementor-989580\" data-elementor-post-type=\"page\">\n\t\t\t\t\t\t<section class=\"elementor-section elementor-top-section elementor-element elementor-element-76a11dc6 elementor-section-full_width elementor-section-height-default elementor-section-height-default\" data-id=\"76a11dc6\" data-element_type=\"section\">\n\t\t\t\t\t\t<div class=\"elementor-container elementor-column-gap-no\">\n\t\t\t\t\t<div class=\"elementor-column elementor-col-100 elementor-top-column elementor-element elementor-element-4f6e3543\" data-id=\"4f6e3543\" data-element_type=\"column\">\n\t\t\t<div class=\"elementor-widget-wrap elementor-element-populated\">\n\t\t\t\t\t\t<div class=\"vamtam-has-theme-widget-styles elementor-element elementor-element-72cf44ec elementor-widget elementor-widget-text-editor\" data-id=\"72cf44ec\" data-element_type=\"widget\" data-widget_type=\"text-editor.default\">\n\t\t\t\t<div class=\"elementor-widget-container\">\n\t\t\t\t\t\t\t<p>Tenho experi\u00eancia em WordPress como programador em todos os seus aspectos, desde a cria\u00e7\u00e3o do site, design, plugins at\u00e9 \u00e0 sua implementa\u00e7\u00e3o Experi\u00eancia na cria\u00e7\u00e3o de sites interactivos e envolventes, juntamente com profici\u00eancia em comunica\u00e7\u00e3o interpessoal. Solu\u00e7\u00f5es orientadas para o cliente para satisfazer o comprimento de onda do cliente e, assim, marcar as suas expectativas. Estabelecer os pontos de refer\u00eancia para colmatar as lacunas entre os clientes e as suas exig\u00eancias. A USP adapta-se \u00e0 tecnologia actualizada para trabalhar uniformemente e atingir os objectivos dentro do prazo.<\/p>\n\t\t\t\t\t\t<\/div>\n\t\t\t\t<\/div>\n\t\t\t\t<div class=\"elementor-element elementor-element-18ed77ab elementor-shape-circle elementor-grid-2 e-grid-align-left e-grid-align-mobile-left elementor-widget__width-auto elementor-widget elementor-widget-social-icons\" data-id=\"18ed77ab\" data-element_type=\"widget\" data-widget_type=\"social-icons.default\">\n\t\t\t\t<div class=\"elementor-widget-container\">\n\t\t\t\t\t<div class=\"elementor-social-icons-wrapper elementor-grid\">\n\t\t\t\t\t\t\t<span class=\"elementor-grid-item\">\n\t\t\t\t\t<a class=\"elementor-icon elementor-social-icon elementor-social-icon-linkedin elementor-repeater-item-c7c5b59\" href=\"http:\/\/linkedin.com\" target=\"_blank\" rel=\"noopener\">\n\t\t\t\t\t\t<span class=\"elementor-screen-only\">Linkedin<\/span>\n\t\t\t\t\t\t<i class=\"fab fa-linkedin\"><\/i>\t\t\t\t\t<\/a>\n\t\t\t\t<\/span>\n\t\t\t\t\t<\/div>\n\t\t\t\t<\/div>\n\t\t\t\t<\/div>\n\t\t\t\t<div class=\"vamtam-has-theme-widget-styles elementor-element elementor-element-1db9d614 vamtam-has-underline-anim elementor-widget__width-auto elementor-widget elementor-widget-button\" data-id=\"1db9d614\" data-element_type=\"widget\" data-widget_type=\"button.default\">\n\t\t\t\t<div class=\"elementor-widget-container\">\n\t\t\t\t\t<div class=\"elementor-button-wrapper\">\n\t\t\t<a class=\"elementor-button elementor-button-link elementor-size-sm\" href=\"https:\/\/dev1.redorangetechnologies.com\/pt\/equipa\/\">\n\t\t\t\t\t\t<span class=\"elementor-button-content-wrapper\">\n\t\t\t\t\t\t\t\t\t<span class=\"elementor-button-text\">Voltar para Membros da equipe<\/span>\n\t\t\t\t\t<\/span>\n\t\t\t\t\t<\/a>\n\t\t<\/div>\n\t\t\t\t<\/div>\n\t\t\t\t<\/div>\n\t\t\t\t\t<\/div>\n\t\t<\/div>\n\t\t\t\t\t<\/div>\n\t\t<\/section>\n\t\t\t\t<\/div>\n\t\t","protected":false},"excerpt":{"rendered":"<p>Jr. Desenvolvedor WordPress<\/p>\n","protected":false},"author":1,"featured_media":1006420,"parent":1005165,"menu_order":0,"comment_status":"closed","ping_status":"closed","template":"","meta":{"footnotes":""},"class_list":["post-1005181","page","type-page","status-publish","has-post-thumbnail","hentry"],"_links":{"self":[{"href":"https:\/\/dev1.redorangetechnologies.com\/pt\/wp-json\/wp\/v2\/pages\/1005181","targetHints":{"allow":["GET"]}}],"collection":[{"href":"https:\/\/dev1.redorangetechnologies.com\/pt\/wp-json\/wp\/v2\/pages"}],"about":[{"href":"https:\/\/dev1.redorangetechnologies.com\/pt\/wp-json\/wp\/v2\/types\/page"}],"author":[{"embeddable":true,"href":"https:\/\/dev1.redorangetechnologies.com\/pt\/wp-json\/wp\/v2\/users\/1"}],"replies":[{"embeddable":true,"href":"https:\/\/dev1.redorangetechnologies.com\/pt\/wp-json\/wp\/v2\/comments?post=1005181"}],"version-history":[{"count":13,"href":"https:\/\/dev1.redorangetechnologies.com\/pt\/wp-json\/wp\/v2\/pages\/1005181\/revisions"}],"predecessor-version":[{"id":1006184,"href":"https:\/\/dev1.redorangetechnologies.com\/pt\/wp-json\/wp\/v2\/pages\/1005181\/revisions\/1006184"}],"up":[{"embeddable":true,"href":"https:\/\/dev1.redorangetechnologies.com\/pt\/wp-json\/wp\/v2\/pages\/1005165"}],"wp:featuredmedia":[{"embeddable":true,"href":"https:\/\/dev1.redorangetechnologies.com\/pt\/wp-json\/wp\/v2\/media\/1006420"}],"wp:attachment":[{"href":"https:\/\/dev1.redorangetechnologies.com\/pt\/wp-json\/wp\/v2\/media?parent=1005181"}],"curies":[{"name":"wp","href":"https:\/\/api.w.org\/{rel}","templated":true}]}}