{"id":997638,"date":"2023-12-21T13:02:33","date_gmt":"2023-12-21T13:02:33","guid":{"rendered":"https:\/\/redorangetechnologies.com\/team\/randhir-singh-mangat\/"},"modified":"2024-01-20T09:08:18","modified_gmt":"2024-01-20T09:08:18","slug":"randhir-singh-mangat","status":"publish","type":"page","link":"https:\/\/dev1.redorangetechnologies.com\/no\/team\/randhir-singh-mangat\/","title":{"rendered":"Randhir Singh Mangat"},"content":{"rendered":"\t\t<div data-elementor-type=\"wp-page\" data-elementor-id=\"997638\" class=\"elementor elementor-997638 elementor-995812\" data-elementor-post-type=\"page\">\n\t\t\t\t\t\t<section class=\"elementor-section elementor-top-section elementor-element elementor-element-98228ee elementor-section-full_width elementor-section-height-default elementor-section-height-default\" data-id=\"98228ee\" data-element_type=\"section\">\n\t\t\t\t\t\t<div class=\"elementor-container elementor-column-gap-no\">\n\t\t\t\t\t<div class=\"elementor-column elementor-col-100 elementor-top-column elementor-element elementor-element-6e3447e\" data-id=\"6e3447e\" data-element_type=\"column\">\n\t\t\t<div class=\"elementor-widget-wrap elementor-element-populated\">\n\t\t\t\t\t\t<div class=\"vamtam-has-theme-widget-styles elementor-element elementor-element-5fe169f elementor-widget elementor-widget-text-editor\" data-id=\"5fe169f\" data-element_type=\"widget\" data-widget_type=\"text-editor.default\">\n\t\t\t\t<div class=\"elementor-widget-container\">\n\t\t\t\t\t\t\t<p>Spesialist p\u00e5 tvers av funksjoner og forretningsledelse med over 20 \u00e5rs erfaring fra global IT\/ITES-industri. Bevist evne innen forretningsdriftsledelse, forsyningskjedeledelse, prosjektleveranse, HR og administrasjon, klientledelse, \u00f8konomi og lovp\u00e5lagte overholdelser. Bevist merittliste med sterkt lederskap, teambygging, kundeservice, relasjonsledelse, leverand\u00f8rledelse og effektiv kommunikasjon. Aktivt involvert i oppstart av IT &amp; BPO Unit, Overseas Acquisition and Merger. Rask l\u00e6rer, selvstarter og probleml\u00f8ser med \u00e5pent sinn. Anerkjent for \u00e5penhet, lojalitet og forpliktelse<\/p>\n<p>Spesialiteter:<\/p>\n<p>\u2022Operasjonsledelse, Strategisk Planlegging, Prosjektledelse &amp; Levering og Budsjettering <br \/>\u2022Supply Chain &amp; Vendor Management<br \/>\u2022Kundeh\u00e5ndtering og PR<br \/>\u2022Etablere retningslinjer for internkontroll <br \/>\u2022Tverrfunksjonelle forhold, teambygging, klagebehandling, oppl\u00e6ring og veiledning<br \/>\u2022Utarbeide og forhandle kontrakter og fakturering<br \/>\u2022Finansiell rapportering, lovp\u00e5lagte overholdelser, selskapslover og sekret\u00e6rsaker<br \/>\u2022 Oversj\u00f8iske fusjoner og oppkj\u00f8p<\/p><\/p>\n\t\t\t\t\t\t<\/div>\n\t\t\t\t<\/div>\n\t\t\t\t<div class=\"elementor-element elementor-element-209497a elementor-shape-circle elementor-grid-2 e-grid-align-left e-grid-align-mobile-left elementor-widget__width-auto elementor-widget elementor-widget-social-icons\" data-id=\"209497a\" data-element_type=\"widget\" data-widget_type=\"social-icons.default\">\n\t\t\t\t<div class=\"elementor-widget-container\">\n\t\t\t\t\t<div class=\"elementor-social-icons-wrapper elementor-grid\">\n\t\t\t\t\t\t\t<span class=\"elementor-grid-item\">\n\t\t\t\t\t<a class=\"elementor-icon elementor-social-icon elementor-social-icon-linkedin elementor-repeater-item-c7c5b59\" href=\"http:\/\/linkedin.com\" target=\"_blank\" rel=\"noopener\">\n\t\t\t\t\t\t<span class=\"elementor-screen-only\">Linkedin<\/span>\n\t\t\t\t\t\t<i class=\"fab fa-linkedin\"><\/i>\t\t\t\t\t<\/a>\n\t\t\t\t<\/span>\n\t\t\t\t\t<\/div>\n\t\t\t\t<\/div>\n\t\t\t\t<\/div>\n\t\t\t\t<div class=\"vamtam-has-theme-widget-styles elementor-element elementor-element-45531a4 vamtam-has-underline-anim elementor-widget__width-auto elementor-widget elementor-widget-button\" data-id=\"45531a4\" data-element_type=\"widget\" data-widget_type=\"button.default\">\n\t\t\t\t<div class=\"elementor-widget-container\">\n\t\t\t\t\t<div class=\"elementor-button-wrapper\">\n\t\t\t<a class=\"elementor-button elementor-button-link elementor-size-sm\" href=\"https:\/\/dev1.redorangetechnologies.com\/no\/team\/\">\n\t\t\t\t\t\t<span class=\"elementor-button-content-wrapper\">\n\t\t\t\t\t\t\t\t\t<span class=\"elementor-button-text\">Tilbake til Teammedlemmer<\/span>\n\t\t\t\t\t<\/span>\n\t\t\t\t\t<\/a>\n\t\t<\/div>\n\t\t\t\t<\/div>\n\t\t\t\t<\/div>\n\t\t\t\t\t<\/div>\n\t\t<\/div>\n\t\t\t\t\t<\/div>\n\t\t<\/section>\n\t\t\t\t<\/div>\n\t\t","protected":false},"excerpt":{"rendered":"<p>Group CFO og juridisk r\u00e5dgiver<\/p>\n","protected":false},"author":1,"featured_media":1006241,"parent":997602,"menu_order":0,"comment_status":"closed","ping_status":"closed","template":"","meta":{"footnotes":""},"class_list":["post-997638","page","type-page","status-publish","has-post-thumbnail","hentry"],"_links":{"self":[{"href":"https:\/\/dev1.redorangetechnologies.com\/no\/wp-json\/wp\/v2\/pages\/997638","targetHints":{"allow":["GET"]}}],"collection":[{"href":"https:\/\/dev1.redorangetechnologies.com\/no\/wp-json\/wp\/v2\/pages"}],"about":[{"href":"https:\/\/dev1.redorangetechnologies.com\/no\/wp-json\/wp\/v2\/types\/page"}],"author":[{"embeddable":true,"href":"https:\/\/dev1.redorangetechnologies.com\/no\/wp-json\/wp\/v2\/users\/1"}],"replies":[{"embeddable":true,"href":"https:\/\/dev1.redorangetechnologies.com\/no\/wp-json\/wp\/v2\/comments?post=997638"}],"version-history":[{"count":9,"href":"https:\/\/dev1.redorangetechnologies.com\/no\/wp-json\/wp\/v2\/pages\/997638\/revisions"}],"predecessor-version":[{"id":999159,"href":"https:\/\/dev1.redorangetechnologies.com\/no\/wp-json\/wp\/v2\/pages\/997638\/revisions\/999159"}],"up":[{"embeddable":true,"href":"https:\/\/dev1.redorangetechnologies.com\/no\/wp-json\/wp\/v2\/pages\/997602"}],"wp:featuredmedia":[{"embeddable":true,"href":"https:\/\/dev1.redorangetechnologies.com\/no\/wp-json\/wp\/v2\/media\/1006241"}],"wp:attachment":[{"href":"https:\/\/dev1.redorangetechnologies.com\/no\/wp-json\/wp\/v2\/media?parent=997638"}],"curies":[{"name":"wp","href":"https:\/\/api.w.org\/{rel}","templated":true}]}}