{"id":997624,"date":"2023-09-27T13:26:23","date_gmt":"2023-09-27T13:26:23","guid":{"rendered":"https:\/\/redorangetechnologies.com\/team\/pranshu-pathak\/"},"modified":"2024-01-20T09:08:12","modified_gmt":"2024-01-20T09:08:12","slug":"pranshu-pathak","status":"publish","type":"page","link":"https:\/\/dev1.redorangetechnologies.com\/no\/team\/pranshu-pathak\/","title":{"rendered":"Pranshu Pathak"},"content":{"rendered":"\t\t<div data-elementor-type=\"wp-page\" data-elementor-id=\"997624\" class=\"elementor elementor-997624 elementor-989541\" data-elementor-post-type=\"page\">\n\t\t\t\t\t\t<section class=\"elementor-section elementor-top-section elementor-element elementor-element-76a11dc6 elementor-section-full_width elementor-section-height-default elementor-section-height-default\" data-id=\"76a11dc6\" data-element_type=\"section\">\n\t\t\t\t\t\t<div class=\"elementor-container elementor-column-gap-no\">\n\t\t\t\t\t<div class=\"elementor-column elementor-col-100 elementor-top-column elementor-element elementor-element-4f6e3543\" data-id=\"4f6e3543\" data-element_type=\"column\">\n\t\t\t<div class=\"elementor-widget-wrap elementor-element-populated\">\n\t\t\t\t\t\t<div class=\"vamtam-has-theme-widget-styles elementor-element elementor-element-72cf44ec elementor-widget elementor-widget-text-editor\" data-id=\"72cf44ec\" data-element_type=\"widget\" data-widget_type=\"text-editor.default\">\n\t\t\t\t<div class=\"elementor-widget-container\">\n\t\t\t\t\t\t\t<p>Dedikert HR Business Partner med to \u00e5rs omfattende erfaring innen menneskelige ressurser og en dokumentert merittliste for \u00e5 drive organisasjonssuksess gjennom strategiske HR-initiativer. Jeg har en dyp forst\u00e5else av HR-prosessene og brenner for \u00e5 fremme en positiv arbeidskultur, talentutvikling og medarbeiderengasjement.<\/p>\n<p><strong>N\u00f8kkelferdigheter og kompetanse:<\/strong><\/p>\n<p><strong>Strategisk HR-planlegging:<\/strong> Dyktig i \u00e5 samkj\u00f8re HR-strategier med organisasjonsm\u00e5l, utnytte datadrevet innsikt for \u00e5 designe og implementere effektive HR-planer som driver forretningsvekst.<\/p>\n<p><strong style=\"letter-spacing: 0px; word-spacing: 0em; color: var( --e-global-color-vamtam_accent_8 );\">Medarbeiderrelasjoner:<\/strong> <span style=\"letter-spacing: 0px; word-spacing: 0em; color: var( --e-global-color-vamtam_accent_8 );\">Dyktig i \u00e5 h\u00e5ndtere ansattes forhold, konfliktl\u00f8sning og fremme et positivt arbeidsmilj\u00f8 for \u00e5 forbedre ansattes moral, produktivitet og generell harmoni i organisasjonen.<\/span><\/p>\n<p><strong>Talentanskaffelse og onboarding:<\/strong> Dyktig innen talentinnhenting, intervju- og utvelgelsesprosesser, og sikrer en s\u00f8ml\u00f8s ombordstigningsopplevelse som setter scenen for suksess og integrering av ansatte.<\/p>\n<p><strong>Performance Management:<\/strong> Erfaren i \u00e5 implementere ytelsesevalueringssystemer, gi konstruktive tilbakemeldinger og lage utviklingsplaner for \u00e5 forbedre ansattes ytelse og drive organisasjonsm\u00e5l.<\/p>\n<p><strong>Medarbeiderutvikling og oppl\u00e6ring:<\/strong> Dyktig til \u00e5 identifisere utviklingsbehov, utforme oppl\u00e6ringsprogrammer og implementere l\u00e6ringsinitiativer som gj\u00f8r ansatte i stand til \u00e5 utmerke seg i rollene sine og bidra effektivt til organisasjonen.<\/p>\n<p><strong>Endringsledelse:<\/strong> Dyktig i \u00e5 h\u00e5ndtere organisasjonsendringer, veilede team gjennom overganger og legge til rette for jevne endringsprosesser for \u00e5 minimere forstyrrelser og maksimere aksept.<\/p>\n<p><strong>Effektiv kommunikasjon:<\/strong> Sterke kommunikasjonsevner, b\u00e5de skriftlig og muntlig, som tilrettelegger for transparente og \u00e5pne kommunikasjonskanaler p\u00e5 tvers av alle organisasjonsniv\u00e5er, fremmer samarbeid og samordning.<\/p>\n\t\t\t\t\t\t<\/div>\n\t\t\t\t<\/div>\n\t\t\t\t<div class=\"elementor-element elementor-element-18ed77ab elementor-shape-circle elementor-grid-2 e-grid-align-left e-grid-align-mobile-left elementor-widget__width-auto elementor-widget elementor-widget-social-icons\" data-id=\"18ed77ab\" data-element_type=\"widget\" data-widget_type=\"social-icons.default\">\n\t\t\t\t<div class=\"elementor-widget-container\">\n\t\t\t\t\t<div class=\"elementor-social-icons-wrapper elementor-grid\">\n\t\t\t\t\t\t\t<span class=\"elementor-grid-item\">\n\t\t\t\t\t<a class=\"elementor-icon elementor-social-icon elementor-social-icon-linkedin elementor-repeater-item-c7c5b59\" href=\"http:\/\/linkedin.com\" target=\"_blank\" rel=\"noopener\">\n\t\t\t\t\t\t<span class=\"elementor-screen-only\">Linkedin<\/span>\n\t\t\t\t\t\t<i class=\"fab fa-linkedin\"><\/i>\t\t\t\t\t<\/a>\n\t\t\t\t<\/span>\n\t\t\t\t\t<\/div>\n\t\t\t\t<\/div>\n\t\t\t\t<\/div>\n\t\t\t\t<div class=\"vamtam-has-theme-widget-styles elementor-element elementor-element-1db9d614 vamtam-has-underline-anim elementor-widget__width-auto elementor-widget elementor-widget-button\" data-id=\"1db9d614\" data-element_type=\"widget\" data-widget_type=\"button.default\">\n\t\t\t\t<div class=\"elementor-widget-container\">\n\t\t\t\t\t<div class=\"elementor-button-wrapper\">\n\t\t\t<a class=\"elementor-button elementor-button-link elementor-size-sm\" href=\"https:\/\/dev1.redorangetechnologies.com\/no\/team\/\">\n\t\t\t\t\t\t<span class=\"elementor-button-content-wrapper\">\n\t\t\t\t\t\t\t\t\t<span class=\"elementor-button-text\">Tilbake til Teammedlemmer<\/span>\n\t\t\t\t\t<\/span>\n\t\t\t\t\t<\/a>\n\t\t<\/div>\n\t\t\t\t<\/div>\n\t\t\t\t<\/div>\n\t\t\t\t\t<\/div>\n\t\t<\/div>\n\t\t\t\t\t<\/div>\n\t\t<\/section>\n\t\t\t\t<\/div>\n\t\t","protected":false},"excerpt":{"rendered":"<p>HR-ansvarlig<\/p>\n","protected":false},"author":1,"featured_media":1006264,"parent":997602,"menu_order":0,"comment_status":"closed","ping_status":"closed","template":"","meta":{"footnotes":""},"class_list":["post-997624","page","type-page","status-publish","has-post-thumbnail","hentry"],"_links":{"self":[{"href":"https:\/\/dev1.redorangetechnologies.com\/no\/wp-json\/wp\/v2\/pages\/997624","targetHints":{"allow":["GET"]}}],"collection":[{"href":"https:\/\/dev1.redorangetechnologies.com\/no\/wp-json\/wp\/v2\/pages"}],"about":[{"href":"https:\/\/dev1.redorangetechnologies.com\/no\/wp-json\/wp\/v2\/types\/page"}],"author":[{"embeddable":true,"href":"https:\/\/dev1.redorangetechnologies.com\/no\/wp-json\/wp\/v2\/users\/1"}],"replies":[{"embeddable":true,"href":"https:\/\/dev1.redorangetechnologies.com\/no\/wp-json\/wp\/v2\/comments?post=997624"}],"version-history":[{"count":5,"href":"https:\/\/dev1.redorangetechnologies.com\/no\/wp-json\/wp\/v2\/pages\/997624\/revisions"}],"predecessor-version":[{"id":999139,"href":"https:\/\/dev1.redorangetechnologies.com\/no\/wp-json\/wp\/v2\/pages\/997624\/revisions\/999139"}],"up":[{"embeddable":true,"href":"https:\/\/dev1.redorangetechnologies.com\/no\/wp-json\/wp\/v2\/pages\/997602"}],"wp:featuredmedia":[{"embeddable":true,"href":"https:\/\/dev1.redorangetechnologies.com\/no\/wp-json\/wp\/v2\/media\/1006264"}],"wp:attachment":[{"href":"https:\/\/dev1.redorangetechnologies.com\/no\/wp-json\/wp\/v2\/media?parent=997624"}],"curies":[{"name":"wp","href":"https:\/\/api.w.org\/{rel}","templated":true}]}}