{"id":997622,"date":"2023-09-28T04:45:52","date_gmt":"2023-09-28T04:45:52","guid":{"rendered":"https:\/\/redorangetechnologies.com\/team\/shaheen-zahiruddin\/"},"modified":"2024-01-18T12:01:50","modified_gmt":"2024-01-18T12:01:50","slug":"shaheen-zahiruddin","status":"publish","type":"page","link":"https:\/\/dev1.redorangetechnologies.com\/no\/team\/shaheen-zahiruddin\/","title":{"rendered":"Shaheen Zahiruddin"},"content":{"rendered":"\t\t<div data-elementor-type=\"wp-page\" data-elementor-id=\"997622\" class=\"elementor elementor-997622 elementor-989573\" data-elementor-post-type=\"page\">\n\t\t\t\t\t\t<section class=\"elementor-section elementor-top-section elementor-element elementor-element-76a11dc6 elementor-section-full_width elementor-section-height-default elementor-section-height-default\" data-id=\"76a11dc6\" data-element_type=\"section\">\n\t\t\t\t\t\t<div class=\"elementor-container elementor-column-gap-no\">\n\t\t\t\t\t<div class=\"elementor-column elementor-col-100 elementor-top-column elementor-element elementor-element-4f6e3543\" data-id=\"4f6e3543\" data-element_type=\"column\">\n\t\t\t<div class=\"elementor-widget-wrap elementor-element-populated\">\n\t\t\t\t\t\t<div class=\"vamtam-has-theme-widget-styles elementor-element elementor-element-72cf44ec elementor-widget elementor-widget-text-editor\" data-id=\"72cf44ec\" data-element_type=\"widget\" data-widget_type=\"text-editor.default\">\n\t\t\t\t<div class=\"elementor-widget-container\">\n\t\t\t\t\t\t\t<p>Erfaren og dedikert PHP-utvikler med over 10 \u00e5rs praktisk ekspertise i \u00e5 lage robuste og skalerbare webapplikasjoner ved \u00e5 bruke PHP, CakePHP, Core PHP, Joomla, HTML, JavaScript og CSS. Dyktig p\u00e5 \u00e5 designe og implementere intrikate l\u00f8sninger samtidig som de f\u00f8lger beste kodingspraksis og bransjestandarder. Dokumentert evne til \u00e5 lede utviklingsteam og levere prosjekter av h\u00f8y kvalitet innenfor angitte tidslinjer.<\/p>\n<p>Viktige ferdigheter:<br \/>PHP (kjerne og rammeverk: CakePHP)<br \/>Joomla CMS<br \/>HTML5<br \/>JavaScript (ES6+)<br \/>CSS3<br \/>MySQL og andre databaser<br \/>Kompatibilitet p\u00e5 tvers av nettlesere<br \/>Ytelsesoptimalisering<\/p>\n\t\t\t\t\t\t<\/div>\n\t\t\t\t<\/div>\n\t\t\t\t<div class=\"elementor-element elementor-element-18ed77ab elementor-shape-circle elementor-grid-2 e-grid-align-left e-grid-align-mobile-left elementor-widget__width-auto elementor-widget elementor-widget-social-icons\" data-id=\"18ed77ab\" data-element_type=\"widget\" data-widget_type=\"social-icons.default\">\n\t\t\t\t<div class=\"elementor-widget-container\">\n\t\t\t\t\t<div class=\"elementor-social-icons-wrapper elementor-grid\">\n\t\t\t\t\t\t\t<span class=\"elementor-grid-item\">\n\t\t\t\t\t<a class=\"elementor-icon elementor-social-icon elementor-social-icon-linkedin elementor-repeater-item-c7c5b59\" href=\"http:\/\/linkedin.com\" target=\"_blank\" rel=\"noopener\">\n\t\t\t\t\t\t<span class=\"elementor-screen-only\">Linkedin<\/span>\n\t\t\t\t\t\t<i class=\"fab fa-linkedin\"><\/i>\t\t\t\t\t<\/a>\n\t\t\t\t<\/span>\n\t\t\t\t\t<\/div>\n\t\t\t\t<\/div>\n\t\t\t\t<\/div>\n\t\t\t\t<div class=\"vamtam-has-theme-widget-styles elementor-element elementor-element-1db9d614 vamtam-has-underline-anim elementor-widget__width-auto elementor-widget elementor-widget-button\" data-id=\"1db9d614\" data-element_type=\"widget\" data-widget_type=\"button.default\">\n\t\t\t\t<div class=\"elementor-widget-container\">\n\t\t\t\t\t<div class=\"elementor-button-wrapper\">\n\t\t\t<a class=\"elementor-button elementor-button-link elementor-size-sm\" href=\"https:\/\/dev1.redorangetechnologies.com\/no\/team\/\">\n\t\t\t\t\t\t<span class=\"elementor-button-content-wrapper\">\n\t\t\t\t\t\t\t\t\t<span class=\"elementor-button-text\">Tilbake til Teammedlemmer<\/span>\n\t\t\t\t\t<\/span>\n\t\t\t\t\t<\/a>\n\t\t<\/div>\n\t\t\t\t<\/div>\n\t\t\t\t<\/div>\n\t\t\t\t\t<\/div>\n\t\t<\/div>\n\t\t\t\t\t<\/div>\n\t\t<\/section>\n\t\t\t\t<\/div>\n\t\t","protected":false},"excerpt":{"rendered":"<p>Webutvikler<\/p>\n","protected":false},"author":1,"featured_media":1006425,"parent":997602,"menu_order":0,"comment_status":"closed","ping_status":"closed","template":"","meta":{"footnotes":""},"class_list":["post-997622","page","type-page","status-publish","has-post-thumbnail","hentry"],"_links":{"self":[{"href":"https:\/\/dev1.redorangetechnologies.com\/no\/wp-json\/wp\/v2\/pages\/997622","targetHints":{"allow":["GET"]}}],"collection":[{"href":"https:\/\/dev1.redorangetechnologies.com\/no\/wp-json\/wp\/v2\/pages"}],"about":[{"href":"https:\/\/dev1.redorangetechnologies.com\/no\/wp-json\/wp\/v2\/types\/page"}],"author":[{"embeddable":true,"href":"https:\/\/dev1.redorangetechnologies.com\/no\/wp-json\/wp\/v2\/users\/1"}],"replies":[{"embeddable":true,"href":"https:\/\/dev1.redorangetechnologies.com\/no\/wp-json\/wp\/v2\/comments?post=997622"}],"version-history":[{"count":7,"href":"https:\/\/dev1.redorangetechnologies.com\/no\/wp-json\/wp\/v2\/pages\/997622\/revisions"}],"predecessor-version":[{"id":998995,"href":"https:\/\/dev1.redorangetechnologies.com\/no\/wp-json\/wp\/v2\/pages\/997622\/revisions\/998995"}],"up":[{"embeddable":true,"href":"https:\/\/dev1.redorangetechnologies.com\/no\/wp-json\/wp\/v2\/pages\/997602"}],"wp:featuredmedia":[{"embeddable":true,"href":"https:\/\/dev1.redorangetechnologies.com\/no\/wp-json\/wp\/v2\/media\/1006425"}],"wp:attachment":[{"href":"https:\/\/dev1.redorangetechnologies.com\/no\/wp-json\/wp\/v2\/media?parent=997622"}],"curies":[{"name":"wp","href":"https:\/\/api.w.org\/{rel}","templated":true}]}}