{"id":1007407,"date":"2024-09-20T07:09:02","date_gmt":"2024-09-20T07:09:02","guid":{"rendered":"https:\/\/redorangetechnologies.com\/team\/manish-chauhan\/"},"modified":"2025-06-30T05:21:40","modified_gmt":"2025-06-30T05:21:40","slug":"navneet-sharma","status":"publish","type":"page","link":"https:\/\/dev1.redorangetechnologies.com\/no\/team\/navneet-sharma\/","title":{"rendered":"Navneet Sharma"},"content":{"rendered":"\t\t<div data-elementor-type=\"wp-page\" data-elementor-id=\"1007407\" class=\"elementor elementor-1007407 elementor-1007395\" data-elementor-post-type=\"page\">\n\t\t\t\t\t\t<section class=\"elementor-section elementor-top-section elementor-element elementor-element-76a11dc6 elementor-section-full_width elementor-section-height-default elementor-section-height-default\" data-id=\"76a11dc6\" data-element_type=\"section\">\n\t\t\t\t\t\t<div class=\"elementor-container elementor-column-gap-no\">\n\t\t\t\t\t<div class=\"elementor-column elementor-col-100 elementor-top-column elementor-element elementor-element-4f6e3543\" data-id=\"4f6e3543\" data-element_type=\"column\">\n\t\t\t<div class=\"elementor-widget-wrap elementor-element-populated\">\n\t\t\t\t\t\t<div class=\"vamtam-has-theme-widget-styles elementor-element elementor-element-72cf44ec elementor-widget elementor-widget-text-editor\" data-id=\"72cf44ec\" data-element_type=\"widget\" data-widget_type=\"text-editor.default\">\n\t\t\t\t<div class=\"elementor-widget-container\">\n\t\t\t\t\t\t\t<p data-start=\"68\" data-end=\"434\">Navneet Sharma er en erfaren digital markedsf\u00f8ringsstrateg med over 12 \u00e5rs erfaring innen \u00e5 drive netthandel og online vekst gjennom SEO, betalt annonsering og helhetlige digitale strategier. Han spesialiserer seg p\u00e5 Google Ads, kampanjeoptimalisering, markedsf\u00f8ring i sosiale medier og merkevarebygging, og leverer m\u00e5lbare resultater p\u00e5 tvers av ulike bransjer.<\/p><p data-start=\"436\" data-end=\"659\">Med en dokumentert merittliste innen \u00f8kt nettrafikk, leadgenerering og inntektsvekst, bruker Navneet datadrevne innsikter for \u00e5 utvikle h\u00f8ytytende kampanjer som samsvarer med forretningsm\u00e5l og maksimerer avkastningen (ROI).<\/p><p data-start=\"661\" data-end=\"682\"><strong data-start=\"661\" data-end=\"682\">N\u00f8kkelkompetanse:<\/strong><\/p><ul data-start=\"684\" data-end=\"991\"><li data-start=\"684\" data-end=\"718\"><p data-start=\"686\" data-end=\"718\">SEO (On-page, Off-page, Teknisk)<\/p><\/li><li data-start=\"719\" data-end=\"750\"><p data-start=\"721\" data-end=\"750\">Google Ads og PPC-kampanjer<\/p><\/li><li data-start=\"751\" data-end=\"784\"><p data-start=\"753\" data-end=\"784\">Meta- og LinkedIn-annonsering<\/p><\/li><li data-start=\"785\" data-end=\"816\"><p data-start=\"787\" data-end=\"816\">Strategi for sosiale medier<\/p><\/li><li data-start=\"817\" data-end=\"854\"><p data-start=\"819\" data-end=\"854\">Konverteringsoptimalisering (CRO)<\/p><\/li><li data-start=\"855\" data-end=\"889\"><p data-start=\"857\" data-end=\"889\">Traktbygging og leadgenerering<\/p><\/li><li data-start=\"890\" data-end=\"937\"><p data-start=\"892\" data-end=\"937\">Dataanalyse og markedsf\u00f8ringsautomatisering<\/p><\/li><li data-start=\"938\" data-end=\"991\"><p data-start=\"940\" data-end=\"991\">Merkevarebevissthet og strategi for digital vekst<\/p><\/li><\/ul>\t\t\t\t\t\t<\/div>\n\t\t\t\t<\/div>\n\t\t\t\t<div class=\"elementor-element elementor-element-18ed77ab elementor-shape-circle elementor-grid-2 e-grid-align-left e-grid-align-mobile-left elementor-widget__width-auto elementor-widget elementor-widget-social-icons\" data-id=\"18ed77ab\" data-element_type=\"widget\" data-widget_type=\"social-icons.default\">\n\t\t\t\t<div class=\"elementor-widget-container\">\n\t\t\t\t\t<div class=\"elementor-social-icons-wrapper elementor-grid\">\n\t\t\t\t\t\t\t<span class=\"elementor-grid-item\">\n\t\t\t\t\t<a class=\"elementor-icon elementor-social-icon elementor-social-icon-linkedin elementor-repeater-item-c7c5b59\" href=\"https:\/\/www.linkedin.com\/in\/navneetkns\/\" target=\"_blank\" rel=\"noopener\">\n\t\t\t\t\t\t<span class=\"elementor-screen-only\">Linkedin<\/span>\n\t\t\t\t\t\t<i class=\"fab fa-linkedin\"><\/i>\t\t\t\t\t<\/a>\n\t\t\t\t<\/span>\n\t\t\t\t\t<\/div>\n\t\t\t\t<\/div>\n\t\t\t\t<\/div>\n\t\t\t\t<div class=\"vamtam-has-theme-widget-styles elementor-element elementor-element-1db9d614 vamtam-has-underline-anim elementor-widget__width-auto elementor-widget elementor-widget-button\" data-id=\"1db9d614\" data-element_type=\"widget\" data-widget_type=\"button.default\">\n\t\t\t\t<div class=\"elementor-widget-container\">\n\t\t\t\t\t<div class=\"elementor-button-wrapper\">\n\t\t\t<a class=\"elementor-button elementor-button-link elementor-size-sm\" href=\"https:\/\/dev1.redorangetechnologies.com\/no\/team\/\">\n\t\t\t\t\t\t<span class=\"elementor-button-content-wrapper\">\n\t\t\t\t\t\t\t\t\t<span class=\"elementor-button-text\">Tilbake til Teammedlemmer<\/span>\n\t\t\t\t\t<\/span>\n\t\t\t\t\t<\/a>\n\t\t<\/div>\n\t\t\t\t<\/div>\n\t\t\t\t<\/div>\n\t\t\t\t\t<\/div>\n\t\t<\/div>\n\t\t\t\t\t<\/div>\n\t\t<\/section>\n\t\t\t\t<\/div>\n\t\t","protected":false},"excerpt":{"rendered":"<p>Digital markedsf\u00f8ringsekspert<\/p>\n","protected":false},"author":1,"featured_media":1008375,"parent":997602,"menu_order":0,"comment_status":"closed","ping_status":"closed","template":"","meta":{"footnotes":""},"class_list":["post-1007407","page","type-page","status-publish","has-post-thumbnail","hentry"],"_links":{"self":[{"href":"https:\/\/dev1.redorangetechnologies.com\/no\/wp-json\/wp\/v2\/pages\/1007407","targetHints":{"allow":["GET"]}}],"collection":[{"href":"https:\/\/dev1.redorangetechnologies.com\/no\/wp-json\/wp\/v2\/pages"}],"about":[{"href":"https:\/\/dev1.redorangetechnologies.com\/no\/wp-json\/wp\/v2\/types\/page"}],"author":[{"embeddable":true,"href":"https:\/\/dev1.redorangetechnologies.com\/no\/wp-json\/wp\/v2\/users\/1"}],"replies":[{"embeddable":true,"href":"https:\/\/dev1.redorangetechnologies.com\/no\/wp-json\/wp\/v2\/comments?post=1007407"}],"version-history":[{"count":16,"href":"https:\/\/dev1.redorangetechnologies.com\/no\/wp-json\/wp\/v2\/pages\/1007407\/revisions"}],"predecessor-version":[{"id":1008420,"href":"https:\/\/dev1.redorangetechnologies.com\/no\/wp-json\/wp\/v2\/pages\/1007407\/revisions\/1008420"}],"up":[{"embeddable":true,"href":"https:\/\/dev1.redorangetechnologies.com\/no\/wp-json\/wp\/v2\/pages\/997602"}],"wp:featuredmedia":[{"embeddable":true,"href":"https:\/\/dev1.redorangetechnologies.com\/no\/wp-json\/wp\/v2\/media\/1008375"}],"wp:attachment":[{"href":"https:\/\/dev1.redorangetechnologies.com\/no\/wp-json\/wp\/v2\/media?parent=1007407"}],"curies":[{"name":"wp","href":"https:\/\/api.w.org\/{rel}","templated":true}]}}