{"id":1007415,"date":"2024-09-20T07:09:02","date_gmt":"2024-09-20T07:09:02","guid":{"rendered":"https:\/\/redorangetechnologies.com\/equipo\/manish-chauhan\/"},"modified":"2025-06-30T05:33:11","modified_gmt":"2025-06-30T05:33:11","slug":"navneet-sharma","status":"publish","type":"page","link":"https:\/\/dev1.redorangetechnologies.com\/es\/equipo\/navneet-sharma\/","title":{"rendered":"Navneet Sharma"},"content":{"rendered":"\t\t<div data-elementor-type=\"wp-page\" data-elementor-id=\"1007415\" class=\"elementor elementor-1007415 elementor-1007395\" data-elementor-post-type=\"page\">\n\t\t\t\t\t\t<section class=\"elementor-section elementor-top-section elementor-element elementor-element-76a11dc6 elementor-section-full_width elementor-section-height-default elementor-section-height-default\" data-id=\"76a11dc6\" data-element_type=\"section\">\n\t\t\t\t\t\t<div class=\"elementor-container elementor-column-gap-no\">\n\t\t\t\t\t<div class=\"elementor-column elementor-col-100 elementor-top-column elementor-element elementor-element-4f6e3543\" data-id=\"4f6e3543\" data-element_type=\"column\">\n\t\t\t<div class=\"elementor-widget-wrap elementor-element-populated\">\n\t\t\t\t\t\t<div class=\"vamtam-has-theme-widget-styles elementor-element elementor-element-72cf44ec elementor-widget elementor-widget-text-editor\" data-id=\"72cf44ec\" data-element_type=\"widget\" data-widget_type=\"text-editor.default\">\n\t\t\t\t<div class=\"elementor-widget-container\">\n\t\t\t\t\t\t\t<p data-start=\"48\" data-end=\"416\">Navneet Sharma es un experimentado Estratega de Marketing Digital con m\u00e1s de 12 a\u00f1os de experiencia impulsando el crecimiento en l\u00ednea a trav\u00e9s de SEO, publicidad paga y estrategias digitales integrales. Se especializa en Google Ads, optimizaci\u00f3n de campa\u00f1as, marketing en redes sociales y promoci\u00f3n de marca, ofreciendo resultados medibles en diversas industrias.<\/p><p data-start=\"418\" data-end=\"689\">Con un historial comprobado de aumento en el tr\u00e1fico web, generaci\u00f3n de leads e ingresos, Navneet aprovecha conocimientos basados en datos para dise\u00f1ar campa\u00f1as de alto rendimiento que se alinean con los objetivos comerciales y maximizan el retorno de la inversi\u00f3n (ROI).<\/p><p data-start=\"691\" data-end=\"713\"><strong data-start=\"691\" data-end=\"713\">Habilidades clave:<\/strong><\/p><ul data-start=\"715\" data-end=\"1058\"><li data-start=\"715\" data-end=\"751\"><p data-start=\"717\" data-end=\"751\">SEO (On-Page, Off-Page, T\u00e9cnico)<\/p><\/li><li data-start=\"752\" data-end=\"781\"><p data-start=\"754\" data-end=\"781\">Google Ads y campa\u00f1as PPC<\/p><\/li><li data-start=\"782\" data-end=\"815\"><p data-start=\"784\" data-end=\"815\">Publicidad en Meta y LinkedIn<\/p><\/li><li data-start=\"816\" data-end=\"848\"><p data-start=\"818\" data-end=\"848\">Estrategia de redes sociales<\/p><\/li><li data-start=\"849\" data-end=\"896\"><p data-start=\"851\" data-end=\"896\">Optimizaci\u00f3n de la tasa de conversi\u00f3n (CRO)<\/p><\/li><li data-start=\"897\" data-end=\"942\"><p data-start=\"899\" data-end=\"942\">Creaci\u00f3n de embudos y generaci\u00f3n de leads<\/p><\/li><li data-start=\"943\" data-end=\"995\"><p data-start=\"945\" data-end=\"995\">An\u00e1lisis de datos y automatizaci\u00f3n del marketing<\/p><\/li><li data-start=\"996\" data-end=\"1058\"><p data-start=\"998\" data-end=\"1058\">Estrategia de crecimiento online y reconocimiento de marca<\/p><\/li><\/ul>\t\t\t\t\t\t<\/div>\n\t\t\t\t<\/div>\n\t\t\t\t<div class=\"elementor-element elementor-element-18ed77ab elementor-shape-circle elementor-grid-2 e-grid-align-left e-grid-align-mobile-left elementor-widget__width-auto elementor-widget elementor-widget-social-icons\" data-id=\"18ed77ab\" data-element_type=\"widget\" data-widget_type=\"social-icons.default\">\n\t\t\t\t<div class=\"elementor-widget-container\">\n\t\t\t\t\t<div class=\"elementor-social-icons-wrapper elementor-grid\">\n\t\t\t\t\t\t\t<span class=\"elementor-grid-item\">\n\t\t\t\t\t<a class=\"elementor-icon elementor-social-icon elementor-social-icon-linkedin elementor-repeater-item-c7c5b59\" href=\"https:\/\/www.linkedin.com\/in\/navneetkns\/\" target=\"_blank\" rel=\"noopener\">\n\t\t\t\t\t\t<span class=\"elementor-screen-only\">Linkedin<\/span>\n\t\t\t\t\t\t<i class=\"fab fa-linkedin\"><\/i>\t\t\t\t\t<\/a>\n\t\t\t\t<\/span>\n\t\t\t\t\t<\/div>\n\t\t\t\t<\/div>\n\t\t\t\t<\/div>\n\t\t\t\t<div class=\"vamtam-has-theme-widget-styles elementor-element elementor-element-1db9d614 vamtam-has-underline-anim elementor-widget__width-auto elementor-widget elementor-widget-button\" data-id=\"1db9d614\" data-element_type=\"widget\" data-widget_type=\"button.default\">\n\t\t\t\t<div class=\"elementor-widget-container\">\n\t\t\t\t\t<div class=\"elementor-button-wrapper\">\n\t\t\t<a class=\"elementor-button elementor-button-link elementor-size-sm\" href=\"https:\/\/dev1.redorangetechnologies.com\/es\/equipo\/\">\n\t\t\t\t\t\t<span class=\"elementor-button-content-wrapper\">\n\t\t\t\t\t\t\t\t\t<span class=\"elementor-button-text\">Volver a Miembros del equipo<\/span>\n\t\t\t\t\t<\/span>\n\t\t\t\t\t<\/a>\n\t\t<\/div>\n\t\t\t\t<\/div>\n\t\t\t\t<\/div>\n\t\t\t\t\t<\/div>\n\t\t<\/div>\n\t\t\t\t\t<\/div>\n\t\t<\/section>\n\t\t\t\t<\/div>\n\t\t","protected":false},"excerpt":{"rendered":"<p>Experto en marketing digital<\/p>\n","protected":false},"author":1,"featured_media":1008377,"parent":1002729,"menu_order":0,"comment_status":"closed","ping_status":"closed","template":"","meta":{"footnotes":""},"class_list":["post-1007415","page","type-page","status-publish","has-post-thumbnail","hentry"],"_links":{"self":[{"href":"https:\/\/dev1.redorangetechnologies.com\/es\/wp-json\/wp\/v2\/pages\/1007415","targetHints":{"allow":["GET"]}}],"collection":[{"href":"https:\/\/dev1.redorangetechnologies.com\/es\/wp-json\/wp\/v2\/pages"}],"about":[{"href":"https:\/\/dev1.redorangetechnologies.com\/es\/wp-json\/wp\/v2\/types\/page"}],"author":[{"embeddable":true,"href":"https:\/\/dev1.redorangetechnologies.com\/es\/wp-json\/wp\/v2\/users\/1"}],"replies":[{"embeddable":true,"href":"https:\/\/dev1.redorangetechnologies.com\/es\/wp-json\/wp\/v2\/comments?post=1007415"}],"version-history":[{"count":16,"href":"https:\/\/dev1.redorangetechnologies.com\/es\/wp-json\/wp\/v2\/pages\/1007415\/revisions"}],"predecessor-version":[{"id":1008439,"href":"https:\/\/dev1.redorangetechnologies.com\/es\/wp-json\/wp\/v2\/pages\/1007415\/revisions\/1008439"}],"up":[{"embeddable":true,"href":"https:\/\/dev1.redorangetechnologies.com\/es\/wp-json\/wp\/v2\/pages\/1002729"}],"wp:featuredmedia":[{"embeddable":true,"href":"https:\/\/dev1.redorangetechnologies.com\/es\/wp-json\/wp\/v2\/media\/1008377"}],"wp:attachment":[{"href":"https:\/\/dev1.redorangetechnologies.com\/es\/wp-json\/wp\/v2\/media?parent=1007415"}],"curies":[{"name":"wp","href":"https:\/\/api.w.org\/{rel}","templated":true}]}}