{"id":1006597,"date":"2024-05-07T07:25:10","date_gmt":"2024-05-07T07:25:10","guid":{"rendered":"https:\/\/redorangetechnologies.com\/equipo\/prabhjot-singh\/"},"modified":"2024-05-07T08:44:59","modified_gmt":"2024-05-07T08:44:59","slug":"prabhjot-singh","status":"publish","type":"page","link":"https:\/\/dev1.redorangetechnologies.com\/es\/equipo\/prabhjot-singh\/","title":{"rendered":"Prabhjot Singh"},"content":{"rendered":"\t\t<div data-elementor-type=\"wp-page\" data-elementor-id=\"1006597\" class=\"elementor elementor-1006597 elementor-1006513\" data-elementor-post-type=\"page\">\n\t\t\t\t\t\t<section class=\"elementor-section elementor-top-section elementor-element elementor-element-76a11dc6 elementor-section-full_width elementor-section-height-default elementor-section-height-default\" data-id=\"76a11dc6\" data-element_type=\"section\">\n\t\t\t\t\t\t<div class=\"elementor-container elementor-column-gap-no\">\n\t\t\t\t\t<div class=\"elementor-column elementor-col-100 elementor-top-column elementor-element elementor-element-4f6e3543\" data-id=\"4f6e3543\" data-element_type=\"column\">\n\t\t\t<div class=\"elementor-widget-wrap elementor-element-populated\">\n\t\t\t\t\t\t<div class=\"vamtam-has-theme-widget-styles elementor-element elementor-element-72cf44ec elementor-widget elementor-widget-text-editor\" data-id=\"72cf44ec\" data-element_type=\"widget\" data-widget_type=\"text-editor.default\">\n\t\t\t\t<div class=\"elementor-widget-container\">\n\t\t\t\t\t\t\t<p><span class=\"ui-provider ed bke bkf bkg bkh bki bkj bkk bkl bkm bkn bko bkp bkq bkr bks bkt bku bkv bkw bkx bky bkz bla blb blc bld ble blf blg blh bli blj blk bll\" dir=\"ltr\">El Sr. Prabhjot Singh es nuestro Gerente de Proyectos T\u00e9cnicos muy calificado. Cuenta con m\u00e1s de 12 a\u00f1os de experiencia en tecnolog\u00edas .Net con Desarrollo de Bases de Datos (SQL), y experiencia en desarrollo, mantenimiento, seguridad, establecimiento de procesos y protocolos de respaldo y recuperaci\u00f3n. Domina Asp.net, SQL Server, Asp.net Core, JQuery, Javascript, Node.js, MongoDB.Como resultado, ha manejado m\u00faltiples proyectos en tecnolog\u00edas .Net utilizando C#, MVC, Entities Framework, .Net Core con angular, Node.js con SQL y Mongo. Ha desarrollado 15+ aplicaciones m\u00f3viles con el equipo de UI. Lo que lo hace destacar son sus habilidades de comunicaci\u00f3n con los clientes junto con su forma de retratar el trabajo. <\/span><\/p>\n\t\t\t\t\t\t<\/div>\n\t\t\t\t<\/div>\n\t\t\t\t<div class=\"elementor-element elementor-element-18ed77ab elementor-shape-circle elementor-grid-2 e-grid-align-left e-grid-align-mobile-left elementor-widget__width-auto elementor-widget elementor-widget-social-icons\" data-id=\"18ed77ab\" data-element_type=\"widget\" data-widget_type=\"social-icons.default\">\n\t\t\t\t<div class=\"elementor-widget-container\">\n\t\t\t\t\t<div class=\"elementor-social-icons-wrapper elementor-grid\">\n\t\t\t\t\t\t\t<span class=\"elementor-grid-item\">\n\t\t\t\t\t<a class=\"elementor-icon elementor-social-icon elementor-social-icon-linkedin elementor-repeater-item-c7c5b59\" href=\"http:\/\/www.linkedin.com\/in\/prabhjot-singh-khalsa-1788bb65\" target=\"_blank\" rel=\"noopener\">\n\t\t\t\t\t\t<span class=\"elementor-screen-only\">Linkedin<\/span>\n\t\t\t\t\t\t<i class=\"fab fa-linkedin\"><\/i>\t\t\t\t\t<\/a>\n\t\t\t\t<\/span>\n\t\t\t\t\t<\/div>\n\t\t\t\t<\/div>\n\t\t\t\t<\/div>\n\t\t\t\t<div class=\"vamtam-has-theme-widget-styles elementor-element elementor-element-1db9d614 vamtam-has-underline-anim elementor-widget__width-auto elementor-widget elementor-widget-button\" data-id=\"1db9d614\" data-element_type=\"widget\" data-widget_type=\"button.default\">\n\t\t\t\t<div class=\"elementor-widget-container\">\n\t\t\t\t\t<div class=\"elementor-button-wrapper\">\n\t\t\t<a class=\"elementor-button elementor-button-link elementor-size-sm\" href=\"https:\/\/dev1.redorangetechnologies.com\/es\/equipo\/\">\n\t\t\t\t\t\t<span class=\"elementor-button-content-wrapper\">\n\t\t\t\t\t\t\t\t\t<span class=\"elementor-button-text\">Volver a Miembros del equipo<\/span>\n\t\t\t\t\t<\/span>\n\t\t\t\t\t<\/a>\n\t\t<\/div>\n\t\t\t\t<\/div>\n\t\t\t\t<\/div>\n\t\t\t\t\t<\/div>\n\t\t<\/div>\n\t\t\t\t\t<\/div>\n\t\t<\/section>\n\t\t\t\t<\/div>\n\t\t","protected":false},"excerpt":{"rendered":"<p>Jefa T\u00e9cnica de Proyectos<\/p>\n","protected":false},"author":1,"featured_media":1006518,"parent":1002729,"menu_order":0,"comment_status":"closed","ping_status":"closed","template":"","meta":{"footnotes":""},"class_list":["post-1006597","page","type-page","status-publish","has-post-thumbnail","hentry"],"_links":{"self":[{"href":"https:\/\/dev1.redorangetechnologies.com\/es\/wp-json\/wp\/v2\/pages\/1006597","targetHints":{"allow":["GET"]}}],"collection":[{"href":"https:\/\/dev1.redorangetechnologies.com\/es\/wp-json\/wp\/v2\/pages"}],"about":[{"href":"https:\/\/dev1.redorangetechnologies.com\/es\/wp-json\/wp\/v2\/types\/page"}],"author":[{"embeddable":true,"href":"https:\/\/dev1.redorangetechnologies.com\/es\/wp-json\/wp\/v2\/users\/1"}],"replies":[{"embeddable":true,"href":"https:\/\/dev1.redorangetechnologies.com\/es\/wp-json\/wp\/v2\/comments?post=1006597"}],"version-history":[{"count":1,"href":"https:\/\/dev1.redorangetechnologies.com\/es\/wp-json\/wp\/v2\/pages\/1006597\/revisions"}],"predecessor-version":[{"id":1006599,"href":"https:\/\/dev1.redorangetechnologies.com\/es\/wp-json\/wp\/v2\/pages\/1006597\/revisions\/1006599"}],"up":[{"embeddable":true,"href":"https:\/\/dev1.redorangetechnologies.com\/es\/wp-json\/wp\/v2\/pages\/1002729"}],"wp:featuredmedia":[{"embeddable":true,"href":"https:\/\/dev1.redorangetechnologies.com\/es\/wp-json\/wp\/v2\/media\/1006518"}],"wp:attachment":[{"href":"https:\/\/dev1.redorangetechnologies.com\/es\/wp-json\/wp\/v2\/media?parent=1006597"}],"curies":[{"name":"wp","href":"https:\/\/api.w.org\/{rel}","templated":true}]}}