{"id":1002743,"date":"2023-03-25T12:02:38","date_gmt":"2023-03-25T12:02:38","guid":{"rendered":"https:\/\/redorangetechnologies.com\/equipo\/arne-magnus-alhaug\/"},"modified":"2025-03-04T06:40:41","modified_gmt":"2025-03-04T06:40:41","slug":"geir-aasen","status":"publish","type":"page","link":"https:\/\/dev1.redorangetechnologies.com\/es\/equipo\/geir-aasen\/","title":{"rendered":"Geir Aasen"},"content":{"rendered":"\t\t<div data-elementor-type=\"wp-page\" data-elementor-id=\"1002743\" class=\"elementor elementor-1002743 elementor-3968\" data-elementor-post-type=\"page\">\n\t\t\t\t\t\t<section class=\"elementor-section elementor-top-section elementor-element elementor-element-282f8016 elementor-section-full_width elementor-section-height-default elementor-section-height-default\" data-id=\"282f8016\" data-element_type=\"section\">\n\t\t\t\t\t\t<div class=\"elementor-container elementor-column-gap-no\">\n\t\t\t\t\t<div class=\"elementor-column elementor-col-100 elementor-top-column elementor-element elementor-element-1d8e7f05\" data-id=\"1d8e7f05\" data-element_type=\"column\">\n\t\t\t<div class=\"elementor-widget-wrap elementor-element-populated\">\n\t\t\t\t\t\t<div class=\"vamtam-has-theme-widget-styles elementor-element elementor-element-58f8d540 elementor-widget elementor-widget-text-editor\" data-id=\"58f8d540\" data-element_type=\"widget\" data-widget_type=\"text-editor.default\">\n\t\t\t\t<div class=\"elementor-widget-container\">\n\t\t\t\t\t\t\t<div>Geir Aasen es un l\u00edder din\u00e1mico con amplia experiencia en crecimiento de ingresos, estrategia de ventas y desarrollo empresarial.<\/div><div>\u00a0<\/div><div>Con una s\u00f3lida experiencia en impulsar el \u00e9xito comercial, Geir ha liderado equipos de alto rendimiento y encabez\u00f3 iniciativas de generaci\u00f3n de ingresos en diversas industrias. Su experiencia abarca la gesti\u00f3n de ventas, la experiencia del cliente y las asociaciones estrat\u00e9gicas, lo que lo convierte en un activo clave para ampliar la presencia de nuestra empresa en el mercado europeo.<\/div><div>\u00a0<\/div><div>Como director de ingresos (CRO), Geir es responsable de supervisar todas las operaciones comerciales, optimizar los flujos de ingresos y fomentar alianzas estrat\u00e9gicas para impulsar el crecimiento sostenible. Su liderazgo garantiza que nuestra empresa contin\u00fae escalando e innovando en un panorama de mercado competitivo.<\/div>\t\t\t\t\t\t<\/div>\n\t\t\t\t<\/div>\n\t\t\t\t<div class=\"elementor-element elementor-element-2f97e718 elementor-shape-circle elementor-grid-2 e-grid-align-left e-grid-align-mobile-left elementor-widget__width-auto elementor-widget elementor-widget-social-icons\" data-id=\"2f97e718\" data-element_type=\"widget\" data-widget_type=\"social-icons.default\">\n\t\t\t\t<div class=\"elementor-widget-container\">\n\t\t\t\t\t<div class=\"elementor-social-icons-wrapper elementor-grid\">\n\t\t\t\t\t\t\t<span class=\"elementor-grid-item\">\n\t\t\t\t\t<a class=\"elementor-icon elementor-social-icon elementor-social-icon-linkedin elementor-repeater-item-c7c5b59\" href=\"http:\/\/linkedin.com\" target=\"_blank\" rel=\"noopener\">\n\t\t\t\t\t\t<span class=\"elementor-screen-only\">Linkedin<\/span>\n\t\t\t\t\t\t<i class=\"fab fa-linkedin\"><\/i>\t\t\t\t\t<\/a>\n\t\t\t\t<\/span>\n\t\t\t\t\t<\/div>\n\t\t\t\t<\/div>\n\t\t\t\t<\/div>\n\t\t\t\t<div class=\"vamtam-has-theme-widget-styles elementor-element elementor-element-5dabd7c vamtam-has-underline-anim elementor-widget__width-auto elementor-widget elementor-widget-button\" data-id=\"5dabd7c\" data-element_type=\"widget\" data-widget_type=\"button.default\">\n\t\t\t\t<div class=\"elementor-widget-container\">\n\t\t\t\t\t<div class=\"elementor-button-wrapper\">\n\t\t\t<a class=\"elementor-button elementor-button-link elementor-size-sm\" href=\"https:\/\/redorangetechnologies.com\/es\/equipo\/\">\n\t\t\t\t\t\t<span class=\"elementor-button-content-wrapper\">\n\t\t\t\t\t\t\t\t\t<span class=\"elementor-button-text\">Volver a Miembros del equipo<\/span>\n\t\t\t\t\t<\/span>\n\t\t\t\t\t<\/a>\n\t\t<\/div>\n\t\t\t\t<\/div>\n\t\t\t\t<\/div>\n\t\t\t\t\t<\/div>\n\t\t<\/div>\n\t\t\t\t\t<\/div>\n\t\t<\/section>\n\t\t\t\t<\/div>\n\t\t","protected":false},"excerpt":{"rendered":"<p>Director de Ingresos, Europa<\/p>\n","protected":false},"author":1,"featured_media":1007531,"parent":1002729,"menu_order":0,"comment_status":"closed","ping_status":"closed","template":"","meta":{"footnotes":""},"class_list":["post-1002743","page","type-page","status-publish","has-post-thumbnail","hentry"],"_links":{"self":[{"href":"https:\/\/dev1.redorangetechnologies.com\/es\/wp-json\/wp\/v2\/pages\/1002743","targetHints":{"allow":["GET"]}}],"collection":[{"href":"https:\/\/dev1.redorangetechnologies.com\/es\/wp-json\/wp\/v2\/pages"}],"about":[{"href":"https:\/\/dev1.redorangetechnologies.com\/es\/wp-json\/wp\/v2\/types\/page"}],"author":[{"embeddable":true,"href":"https:\/\/dev1.redorangetechnologies.com\/es\/wp-json\/wp\/v2\/users\/1"}],"replies":[{"embeddable":true,"href":"https:\/\/dev1.redorangetechnologies.com\/es\/wp-json\/wp\/v2\/comments?post=1002743"}],"version-history":[{"count":14,"href":"https:\/\/dev1.redorangetechnologies.com\/es\/wp-json\/wp\/v2\/pages\/1002743\/revisions"}],"predecessor-version":[{"id":1007777,"href":"https:\/\/dev1.redorangetechnologies.com\/es\/wp-json\/wp\/v2\/pages\/1002743\/revisions\/1007777"}],"up":[{"embeddable":true,"href":"https:\/\/dev1.redorangetechnologies.com\/es\/wp-json\/wp\/v2\/pages\/1002729"}],"wp:featuredmedia":[{"embeddable":true,"href":"https:\/\/dev1.redorangetechnologies.com\/es\/wp-json\/wp\/v2\/media\/1007531"}],"wp:attachment":[{"href":"https:\/\/dev1.redorangetechnologies.com\/es\/wp-json\/wp\/v2\/media?parent=1002743"}],"curies":[{"name":"wp","href":"https:\/\/api.w.org\/{rel}","templated":true}]}}