{"id":1002727,"date":"2023-12-21T12:53:24","date_gmt":"2023-12-21T12:53:24","guid":{"rendered":"https:\/\/redorangetechnologies.com\/amit-sharma\/"},"modified":"2024-03-15T10:26:25","modified_gmt":"2024-03-15T10:26:25","slug":"amit-sharma","status":"publish","type":"page","link":"https:\/\/dev1.redorangetechnologies.com\/es\/equipo\/amit-sharma\/","title":{"rendered":"Amit Sharma"},"content":{"rendered":"\t\t<div data-elementor-type=\"wp-page\" data-elementor-id=\"1002727\" class=\"elementor elementor-1002727 elementor-995782\" data-elementor-post-type=\"page\">\n\t\t\t\t\t\t<section class=\"elementor-section elementor-top-section elementor-element elementor-element-98228ee elementor-section-full_width elementor-section-height-default elementor-section-height-default\" data-id=\"98228ee\" data-element_type=\"section\">\n\t\t\t\t\t\t<div class=\"elementor-container elementor-column-gap-no\">\n\t\t\t\t\t<div class=\"elementor-column elementor-col-100 elementor-top-column elementor-element elementor-element-6e3447e\" data-id=\"6e3447e\" data-element_type=\"column\">\n\t\t\t<div class=\"elementor-widget-wrap elementor-element-populated\">\n\t\t\t\t\t\t<div class=\"vamtam-has-theme-widget-styles elementor-element elementor-element-5fe169f elementor-widget elementor-widget-text-editor\" data-id=\"5fe169f\" data-element_type=\"widget\" data-widget_type=\"text-editor.default\">\n\t\t\t\t<div class=\"elementor-widget-container\">\n\t\t\t\t\t\t\t<p>Soy un ferviente seguidor de los avances en el espacio tecnol\u00f3gico y creo que la transformaci\u00f3n tecnol\u00f3gica continua es la clave del \u00e9xito duradero. Combinando tecnolog\u00eda y ejecuci\u00f3n, me encanta profundizar en los problemas de los clientes y resolverlos utilizando la tecnolog\u00eda moderna. Con m\u00e1s de 15 a\u00f1os de experiencia en el sector tecnol\u00f3gico, estoy especializado en la creaci\u00f3n de SaaS y soluciones integrales de comercio electr\u00f3nico.<\/p>\n<p>A lo largo de los a\u00f1os, he aprendido que se me dan bien varias cosas, como<br \/>\u2022 Elaborar una visi\u00f3n y reunir a equipos multifuncionales para ofrecer innovaciones en nombre de los clientes.<br \/>\u2022 Definir m\u00e9tricas de rendimiento clave para el uso y el comportamiento de los productos de los clientes, incluido el tr\u00e1fico web y el an\u00e1lisis de bases de datos.<br \/>\u2022 Utilizar los comentarios de los clientes para impulsar la mejora de los productos.<br \/>\u2022 Creaci\u00f3n, ampliaci\u00f3n y optimizaci\u00f3n con \u00e9xito de soluciones tecnol\u00f3gicas y gesti\u00f3n de productos a lo largo de todo el ciclo de vida(Concepto&gt;Plan&gt;Desarrollo&gt;Iteraci\u00f3n&gt;Lanzamiento&gt;Medici\u00f3n)<br \/>\u2022 Resoluci\u00f3n de problemas para clientes y compa\u00f1eros de todo el mundo.<\/p>\n<p>Me encanta conocer gente nueva y escuchar nuevas perspectivas. Si quieres hablar sobre tecnolog\u00eda emergente, creaci\u00f3n de productos de software o b\u00e1dminton, ponte en contacto conmigo \ud83d\ude09<\/p>\n<p>Habilidades Profesionales<br \/>Gesti\u00f3n de Producto | An\u00e1lisis de Producto | SaaS | Scrum | Comercio Electr\u00f3nico | Desarrollo Web | Marketing Digital | Mitigaci\u00f3n de riesgos, gesti\u00f3n del cambio y gesti\u00f3n de la relaci\u00f3n con el cliente.<br \/>Conocimientos de dominio<\/p>\n<p>ASP.NET | MVC | jQuery | AJAX | PHP | Angular | JavaScript |Linux | Amazon Web Services (AWS) | Creaci\u00f3n de sitios web y productos de alto rendimiento |Arquitectura empresarial | Mejoras de seguridad | Soluciones de aplicaciones<\/p>\n\t\t\t\t\t\t<\/div>\n\t\t\t\t<\/div>\n\t\t\t\t<div class=\"vamtam-has-theme-widget-styles elementor-element elementor-element-1619fcb elementor-widget elementor-widget-text-editor\" data-id=\"1619fcb\" data-element_type=\"widget\" data-widget_type=\"text-editor.default\">\n\t\t\t\t<div class=\"elementor-widget-container\">\n\t\t\t\t\t\t\t<p>\u201cSer Director General es una vocaci\u00f3n. No hay que hacerlo porque sea un trabajo. Es una vocaci\u00f3n, y tienes que implicarte en ella con la cabeza y el coraz\u00f3n.\u201d<\/p>\n\t\t\t\t\t\t<\/div>\n\t\t\t\t<\/div>\n\t\t\t\t<div class=\"elementor-element elementor-element-209497a elementor-shape-circle elementor-grid-2 e-grid-align-left e-grid-align-mobile-left elementor-widget__width-auto elementor-widget elementor-widget-social-icons\" data-id=\"209497a\" data-element_type=\"widget\" data-widget_type=\"social-icons.default\">\n\t\t\t\t<div class=\"elementor-widget-container\">\n\t\t\t\t\t<div class=\"elementor-social-icons-wrapper elementor-grid\">\n\t\t\t\t\t\t\t<span class=\"elementor-grid-item\">\n\t\t\t\t\t<a class=\"elementor-icon elementor-social-icon elementor-social-icon-linkedin elementor-repeater-item-c7c5b59\" href=\"http:\/\/linkedin.com\" target=\"_blank\" rel=\"noopener\">\n\t\t\t\t\t\t<span class=\"elementor-screen-only\">Linkedin<\/span>\n\t\t\t\t\t\t<i class=\"fab fa-linkedin\"><\/i>\t\t\t\t\t<\/a>\n\t\t\t\t<\/span>\n\t\t\t\t\t<\/div>\n\t\t\t\t<\/div>\n\t\t\t\t<\/div>\n\t\t\t\t<div class=\"vamtam-has-theme-widget-styles elementor-element elementor-element-45531a4 vamtam-has-underline-anim elementor-widget__width-auto elementor-widget elementor-widget-button\" data-id=\"45531a4\" data-element_type=\"widget\" data-widget_type=\"button.default\">\n\t\t\t\t<div class=\"elementor-widget-container\">\n\t\t\t\t\t<div class=\"elementor-button-wrapper\">\n\t\t\t<a class=\"elementor-button elementor-button-link elementor-size-sm\" href=\"https:\/\/dev1.redorangetechnologies.com\/es\/equipo\/\">\n\t\t\t\t\t\t<span class=\"elementor-button-content-wrapper\">\n\t\t\t\t\t\t\t\t\t<span class=\"elementor-button-text\">Volver a Miembros del equipo<\/span>\n\t\t\t\t\t<\/span>\n\t\t\t\t\t<\/a>\n\t\t<\/div>\n\t\t\t\t<\/div>\n\t\t\t\t<\/div>\n\t\t\t\t\t<\/div>\n\t\t<\/div>\n\t\t\t\t\t<\/div>\n\t\t<\/section>\n\t\t\t\t<\/div>\n\t\t","protected":false},"excerpt":{"rendered":"<p>Fundador y consejero delegado del grupo<\/p>\n","protected":false},"author":1,"featured_media":1001728,"parent":1002729,"menu_order":0,"comment_status":"closed","ping_status":"closed","template":"","meta":{"footnotes":""},"class_list":["post-1002727","page","type-page","status-publish","has-post-thumbnail","hentry"],"_links":{"self":[{"href":"https:\/\/dev1.redorangetechnologies.com\/es\/wp-json\/wp\/v2\/pages\/1002727","targetHints":{"allow":["GET"]}}],"collection":[{"href":"https:\/\/dev1.redorangetechnologies.com\/es\/wp-json\/wp\/v2\/pages"}],"about":[{"href":"https:\/\/dev1.redorangetechnologies.com\/es\/wp-json\/wp\/v2\/types\/page"}],"author":[{"embeddable":true,"href":"https:\/\/dev1.redorangetechnologies.com\/es\/wp-json\/wp\/v2\/users\/1"}],"replies":[{"embeddable":true,"href":"https:\/\/dev1.redorangetechnologies.com\/es\/wp-json\/wp\/v2\/comments?post=1002727"}],"version-history":[{"count":8,"href":"https:\/\/dev1.redorangetechnologies.com\/es\/wp-json\/wp\/v2\/pages\/1002727\/revisions"}],"predecessor-version":[{"id":1003775,"href":"https:\/\/dev1.redorangetechnologies.com\/es\/wp-json\/wp\/v2\/pages\/1002727\/revisions\/1003775"}],"up":[{"embeddable":true,"href":"https:\/\/dev1.redorangetechnologies.com\/es\/wp-json\/wp\/v2\/pages\/1002729"}],"wp:featuredmedia":[{"embeddable":true,"href":"https:\/\/dev1.redorangetechnologies.com\/es\/wp-json\/wp\/v2\/media\/1001728"}],"wp:attachment":[{"href":"https:\/\/dev1.redorangetechnologies.com\/es\/wp-json\/wp\/v2\/media?parent=1002727"}],"curies":[{"name":"wp","href":"https:\/\/api.w.org\/{rel}","templated":true}]}}