{"id":1002723,"date":"2023-09-27T13:26:23","date_gmt":"2023-09-27T13:26:23","guid":{"rendered":"https:\/\/redorangetechnologies.com\/pranshu-pathak\/"},"modified":"2024-03-15T10:30:47","modified_gmt":"2024-03-15T10:30:47","slug":"pranshu-pathak","status":"publish","type":"page","link":"https:\/\/dev1.redorangetechnologies.com\/es\/equipo\/pranshu-pathak\/","title":{"rendered":"Pranshu Pathak"},"content":{"rendered":"\t\t<div data-elementor-type=\"wp-page\" data-elementor-id=\"1002723\" class=\"elementor elementor-1002723 elementor-989541\" data-elementor-post-type=\"page\">\n\t\t\t\t\t\t<section class=\"elementor-section elementor-top-section elementor-element elementor-element-76a11dc6 elementor-section-full_width elementor-section-height-default elementor-section-height-default\" data-id=\"76a11dc6\" data-element_type=\"section\">\n\t\t\t\t\t\t<div class=\"elementor-container elementor-column-gap-no\">\n\t\t\t\t\t<div class=\"elementor-column elementor-col-100 elementor-top-column elementor-element elementor-element-4f6e3543\" data-id=\"4f6e3543\" data-element_type=\"column\">\n\t\t\t<div class=\"elementor-widget-wrap elementor-element-populated\">\n\t\t\t\t\t\t<div class=\"vamtam-has-theme-widget-styles elementor-element elementor-element-72cf44ec elementor-widget elementor-widget-text-editor\" data-id=\"72cf44ec\" data-element_type=\"widget\" data-widget_type=\"text-editor.default\">\n\t\t\t\t<div class=\"elementor-widget-container\">\n\t\t\t\t\t\t\t<p>Pranshu es nuestra responsable de RRHH. Se ocupa de la contrataci\u00f3n y de temas relacionados con RRHH. Pranshu trabaja activamente para desarrollar la cultura de la empresa y centrarse en las personas de nuestra organizaci\u00f3n.<\/p>\n<p><strong>Habilidades y conocimientos clave:<\/strong><\/p>\n<p><strong>Planificaci\u00f3n estrat\u00e9gica de RRHH:<\/strong> Competente en la alineaci\u00f3n de las estrategias de RRHH con los objetivos de la organizaci\u00f3n, aprovechando los conocimientos basados en datos para dise\u00f1ar e implementar planes de RRHH eficaces que impulsen el crecimiento del negocio.<\/p>\n<p><strong style=\"letter-spacing: 0px; word-spacing: 0em; color: var( --e-global-color-vamtam_accent_8 );\">Relaciones con los empleados:<\/strong><span style=\"letter-spacing: 0px; word-spacing: 0em; color: var( --e-global-color-vamtam_accent_8 );\">H\u00e1bil en la gesti\u00f3n de las relaciones con los empleados, la resoluci\u00f3n de conflictos y el fomento de un entorno de trabajo positivo para mejorar la moral de los empleados, la productividad y la armon\u00eda general de la organizaci\u00f3n.<\/span><\/p>\n<p><strong>Adquisici\u00f3n e incorporaci\u00f3n de talentos:<\/strong> Dominio de los procesos de b\u00fasqueda, entrevista y selecci\u00f3n de talentos, garantizando una experiencia de incorporaci\u00f3n fluida que prepara el terreno para el \u00e9xito y la integraci\u00f3n de los empleados.<\/p>\n<p><strong>Gesti\u00f3n del rendimiento:<\/strong> Experiencia en la implantaci\u00f3n de sistemas de evaluaci\u00f3n del rendimiento, la aportaci\u00f3n de comentarios constructivos y la creaci\u00f3n de planes de desarrollo para mejorar el rendimiento de los empleados e impulsar los objetivos de la organizaci\u00f3n.<\/p>\n<p><strong>Desarrollo y formaci\u00f3n de los empleados:<\/strong> Adepto en la identificaci\u00f3n de las necesidades de desarrollo, el dise\u00f1o de programas de formaci\u00f3n y la aplicaci\u00f3n de iniciativas de aprendizaje que capaciten a los empleados para sobresalir en sus funciones y contribuir eficazmente a la organizaci\u00f3n.<\/p>\n<p><strong>Gesti\u00f3n del cambio:<\/strong> H\u00e1bil en la gesti\u00f3n del cambio organizativo, guiando a los equipos a trav\u00e9s de las transiciones y facilitando procesos de cambio fluidos para minimizar los trastornos y maximizar la aceptaci\u00f3n.<\/p>\n<p><strong>Comunicaci\u00f3n eficaz:<\/strong> S\u00f3lidas habilidades de comunicaci\u00f3n, tanto escrita como verbal, facilitando canales de comunicaci\u00f3n transparentes y abiertos en todos los niveles organizativos, fomentando la colaboraci\u00f3n y la alineaci\u00f3n.<\/p>\n\t\t\t\t\t\t<\/div>\n\t\t\t\t<\/div>\n\t\t\t\t<div class=\"elementor-element elementor-element-18ed77ab elementor-shape-circle elementor-grid-2 e-grid-align-left e-grid-align-mobile-left elementor-widget__width-auto elementor-widget elementor-widget-social-icons\" data-id=\"18ed77ab\" data-element_type=\"widget\" data-widget_type=\"social-icons.default\">\n\t\t\t\t<div class=\"elementor-widget-container\">\n\t\t\t\t\t<div class=\"elementor-social-icons-wrapper elementor-grid\">\n\t\t\t\t\t\t\t<span class=\"elementor-grid-item\">\n\t\t\t\t\t<a class=\"elementor-icon elementor-social-icon elementor-social-icon-linkedin elementor-repeater-item-c7c5b59\" href=\"http:\/\/linkedin.com\" target=\"_blank\" rel=\"noopener\">\n\t\t\t\t\t\t<span class=\"elementor-screen-only\">Linkedin<\/span>\n\t\t\t\t\t\t<i class=\"fab fa-linkedin\"><\/i>\t\t\t\t\t<\/a>\n\t\t\t\t<\/span>\n\t\t\t\t\t<\/div>\n\t\t\t\t<\/div>\n\t\t\t\t<\/div>\n\t\t\t\t<div class=\"vamtam-has-theme-widget-styles elementor-element elementor-element-1db9d614 vamtam-has-underline-anim elementor-widget__width-auto elementor-widget elementor-widget-button\" data-id=\"1db9d614\" data-element_type=\"widget\" data-widget_type=\"button.default\">\n\t\t\t\t<div class=\"elementor-widget-container\">\n\t\t\t\t\t<div class=\"elementor-button-wrapper\">\n\t\t\t<a class=\"elementor-button elementor-button-link elementor-size-sm\" href=\"https:\/\/dev1.redorangetechnologies.com\/es\/equipo\/\">\n\t\t\t\t\t\t<span class=\"elementor-button-content-wrapper\">\n\t\t\t\t\t\t\t\t\t<span class=\"elementor-button-text\">Volver a Miembros del equipo<\/span>\n\t\t\t\t\t<\/span>\n\t\t\t\t\t<\/a>\n\t\t<\/div>\n\t\t\t\t<\/div>\n\t\t\t\t<\/div>\n\t\t\t\t\t<\/div>\n\t\t<\/div>\n\t\t\t\t\t<\/div>\n\t\t<\/section>\n\t\t\t\t<\/div>\n\t\t","protected":false},"excerpt":{"rendered":"<p>RRHH<\/p>\n","protected":false},"author":1,"featured_media":1006266,"parent":1002729,"menu_order":0,"comment_status":"closed","ping_status":"closed","template":"","meta":{"footnotes":""},"class_list":["post-1002723","page","type-page","status-publish","has-post-thumbnail","hentry"],"_links":{"self":[{"href":"https:\/\/dev1.redorangetechnologies.com\/es\/wp-json\/wp\/v2\/pages\/1002723","targetHints":{"allow":["GET"]}}],"collection":[{"href":"https:\/\/dev1.redorangetechnologies.com\/es\/wp-json\/wp\/v2\/pages"}],"about":[{"href":"https:\/\/dev1.redorangetechnologies.com\/es\/wp-json\/wp\/v2\/types\/page"}],"author":[{"embeddable":true,"href":"https:\/\/dev1.redorangetechnologies.com\/es\/wp-json\/wp\/v2\/users\/1"}],"replies":[{"embeddable":true,"href":"https:\/\/dev1.redorangetechnologies.com\/es\/wp-json\/wp\/v2\/comments?post=1002723"}],"version-history":[{"count":10,"href":"https:\/\/dev1.redorangetechnologies.com\/es\/wp-json\/wp\/v2\/pages\/1002723\/revisions"}],"predecessor-version":[{"id":1003832,"href":"https:\/\/dev1.redorangetechnologies.com\/es\/wp-json\/wp\/v2\/pages\/1002723\/revisions\/1003832"}],"up":[{"embeddable":true,"href":"https:\/\/dev1.redorangetechnologies.com\/es\/wp-json\/wp\/v2\/pages\/1002729"}],"wp:featuredmedia":[{"embeddable":true,"href":"https:\/\/dev1.redorangetechnologies.com\/es\/wp-json\/wp\/v2\/media\/1006266"}],"wp:attachment":[{"href":"https:\/\/dev1.redorangetechnologies.com\/es\/wp-json\/wp\/v2\/media?parent=1002723"}],"curies":[{"name":"wp","href":"https:\/\/api.w.org\/{rel}","templated":true}]}}